{"id":432,"date":"2024-09-04T17:16:57","date_gmt":"2024-09-04T15:16:57","guid":{"rendered":"https:\/\/foodsciencesweden.se\/lift-forskarskola\/vetenskaplig-excellens\/"},"modified":"2025-02-04T13:46:49","modified_gmt":"2025-02-04T12:46:49","slug":"vetenskaplig-excellens","status":"publish","type":"page","link":"https:\/\/foodsciencesweden.se\/sv\/lift-forskarskola\/vetenskaplig-excellens\/","title":{"rendered":"Samverkan och n\u00e4tverk"},"content":{"rendered":"\n<!-- Testimonial Section Start -->\n<div id=\"rs-testimonial\" class=\"rs-testimonial testimonial-style3 pb-120 md-pb-80 image-text\">\n  <div class=\"row no-gutters\">\n          <div class=\"col-lg-6 testi-image\" style=\"background-image:url(https:\/\/foodsciencesweden.se\/wp-content\/uploads\/2025\/02\/adobestock-254695648-scaled.jpeg)\"><\/div>\n        <div class=\"col-lg-6\">\n      <div class=\"widget-content\">\n                <div class=\"sec-title mb-40 md-mb-20\">\n          <h2 class=\"title title2\">\n            Samverkan och n\u00e4tverk          <\/h2>\n        <\/div>\n                <div>\n          <div class=\"testi-item\">\n                        <div class=\"testi-content\">\n              <div class=\"testi-information\">\n                                              <\/div>\n            <\/div>\n          <\/div>\n        <\/div>\n      <\/div> <!-- widget content -->\n    <\/div>\n  <\/div>\n<\/div>\n<!-- Testimonial Section End -->\n\n\n\n<div class=\"rs-services-single content-block pb-120 md-pb-80\">\n  <div class=\"container\">\n        <h2>Samverkan och n\u00e4tverk<\/h2>\n<p><strong>F\u00f6r att utnyttja tillg\u00e4nglig kompetens maximalt bedrivs ett n\u00e4ra samarbete mellan olika forskningscentra b\u00e5de i projekt och forskarutbildningskurser p\u00e5 b\u00e5de nationell och internationell niv\u00e5. <\/strong><\/p>\n<h3>Nationell samverkan<\/h3>\n<p>Genom att delta i LiFT forskarskola f\u00e5r doktorander ett omfattande nationellt n\u00e4tverk. Alla aktiviteter sker gemensamt med doktorander fr\u00e5n alla deltagande universitet. Varje universitet ansvarar f\u00f6r en av de fem kurserna, vilket inneb\u00e4r att doktorander bes\u00f6ker olika universitet f\u00f6r att n\u00e4tverka och l\u00e4ra k\u00e4nna institutionen och dess forskare.<\/p>\n<p>Kursprogrammet ger inte bara f\u00f6rdjupade \u00e4mneskunskaper utan ocks\u00e5 \u00f6kad m\u00f6jlighet att bygga viktiga n\u00e4tverk med b\u00e5de industrin och andra forskningscentra. Den nationella spridningen \u00e4r central, d\u00e5 doktorander fr\u00e5n hela landet ing\u00e5r i forskarskolan.<\/p>\n  <\/div>\n<\/div>\n","protected":false},"excerpt":{"rendered":"","protected":false},"author":2,"featured_media":0,"parent":305,"menu_order":0,"comment_status":"closed","ping_status":"closed","template":"","meta":{"inline_featured_image":false,"footnotes":""},"class_list":["post-432","page","type-page","status-publish","hentry"],"acf":[],"yoast_head":"<!-- This site is optimized with the Yoast SEO plugin v23.6 - https:\/\/yoast.com\/wordpress\/plugins\/seo\/ -->\n<title>Samverkan och n\u00e4tverk - Food Science Sweden<\/title>\n<meta name=\"robots\" content=\"index, follow, max-snippet:-1, max-image-preview:large, max-video-preview:-1\" \/>\n<link rel=\"canonical\" href=\"https:\/\/foodsciencesweden.se\/sv\/lift-forskarskola\/vetenskaplig-excellens\/\" \/>\n<meta property=\"og:locale\" content=\"sv_SE\" \/>\n<meta property=\"og:type\" content=\"article\" \/>\n<meta property=\"og:title\" content=\"Samverkan och n\u00e4tverk - Food Science Sweden\" \/>\n<meta property=\"og:url\" content=\"https:\/\/foodsciencesweden.se\/sv\/lift-forskarskola\/vetenskaplig-excellens\/\" \/>\n<meta property=\"og:site_name\" content=\"Food Science Sweden\" \/>\n<meta property=\"article:modified_time\" content=\"2025-02-04T12:46:49+00:00\" \/>\n<meta name=\"twitter:card\" content=\"summary_large_image\" \/>\n<meta name=\"twitter:label1\" content=\"Est. reading time\" \/>\n\t<meta name=\"twitter:data1\" content=\"1 minute\" \/>\n<script type=\"application\/ld+json\" class=\"yoast-schema-graph\">{\"@context\":\"https:\/\/schema.org\",\"@graph\":[{\"@type\":\"WebPage\",\"@id\":\"https:\/\/foodsciencesweden.se\/sv\/lift-forskarskola\/vetenskaplig-excellens\/\",\"url\":\"https:\/\/foodsciencesweden.se\/sv\/lift-forskarskola\/vetenskaplig-excellens\/\",\"name\":\"Samverkan och n\u00e4tverk - Food Science Sweden\",\"isPartOf\":{\"@id\":\"https:\/\/foodsciencesweden.se\/#website\"},\"datePublished\":\"2024-09-04T15:16:57+00:00\",\"dateModified\":\"2025-02-04T12:46:49+00:00\",\"breadcrumb\":{\"@id\":\"https:\/\/foodsciencesweden.se\/sv\/lift-forskarskola\/vetenskaplig-excellens\/#breadcrumb\"},\"inLanguage\":\"sv-SE\",\"potentialAction\":[{\"@type\":\"ReadAction\",\"target\":[\"https:\/\/foodsciencesweden.se\/sv\/lift-forskarskola\/vetenskaplig-excellens\/\"]}]},{\"@type\":\"BreadcrumbList\",\"@id\":\"https:\/\/foodsciencesweden.se\/sv\/lift-forskarskola\/vetenskaplig-excellens\/#breadcrumb\",\"itemListElement\":[{\"@type\":\"ListItem\",\"position\":1,\"name\":\"Home\",\"item\":\"https:\/\/foodsciencesweden.se\/sv\/valkommen-till-food-science-sweden\/\"},{\"@type\":\"ListItem\",\"position\":2,\"name\":\"LiFT Forskarskola\",\"item\":\"https:\/\/foodsciencesweden.se\/sv\/lift-forskarskola\/\"},{\"@type\":\"ListItem\",\"position\":3,\"name\":\"Samverkan och n\u00e4tverk\"}]},{\"@type\":\"WebSite\",\"@id\":\"https:\/\/foodsciencesweden.se\/#website\",\"url\":\"https:\/\/foodsciencesweden.se\/\",\"name\":\"Food Science Sweden\",\"description\":\"Chalmers | LTH | RISE | SLU I KTH\",\"publisher\":{\"@id\":\"https:\/\/foodsciencesweden.se\/#organization\"},\"potentialAction\":[{\"@type\":\"SearchAction\",\"target\":{\"@type\":\"EntryPoint\",\"urlTemplate\":\"https:\/\/foodsciencesweden.se\/?s={search_term_string}\"},\"query-input\":{\"@type\":\"PropertyValueSpecification\",\"valueRequired\":true,\"valueName\":\"search_term_string\"}}],\"inLanguage\":\"sv-SE\"},{\"@type\":\"Organization\",\"@id\":\"https:\/\/foodsciencesweden.se\/#organization\",\"name\":\"Food Science Sweden\",\"url\":\"https:\/\/foodsciencesweden.se\/\",\"logo\":{\"@type\":\"ImageObject\",\"inLanguage\":\"sv-SE\",\"@id\":\"https:\/\/foodsciencesweden.se\/#\/schema\/logo\/image\/\",\"url\":\"https:\/\/foodsciencesweden.se\/wp-content\/uploads\/2024\/08\/logo.png\",\"contentUrl\":\"https:\/\/foodsciencesweden.se\/wp-content\/uploads\/2024\/08\/logo.png\",\"width\":1555,\"height\":338,\"caption\":\"Food Science Sweden\"},\"image\":{\"@id\":\"https:\/\/foodsciencesweden.se\/#\/schema\/logo\/image\/\"}}]}<\/script>\n<!-- \/ Yoast SEO plugin. -->","yoast_head_json":{"title":"Samverkan och n\u00e4tverk - Food Science Sweden","robots":{"index":"index","follow":"follow","max-snippet":"max-snippet:-1","max-image-preview":"max-image-preview:large","max-video-preview":"max-video-preview:-1"},"canonical":"https:\/\/foodsciencesweden.se\/sv\/lift-forskarskola\/vetenskaplig-excellens\/","og_locale":"sv_SE","og_type":"article","og_title":"Samverkan och n\u00e4tverk - Food Science Sweden","og_url":"https:\/\/foodsciencesweden.se\/sv\/lift-forskarskola\/vetenskaplig-excellens\/","og_site_name":"Food Science Sweden","article_modified_time":"2025-02-04T12:46:49+00:00","twitter_card":"summary_large_image","twitter_misc":{"Est. reading time":"1 minute"},"schema":{"@context":"https:\/\/schema.org","@graph":[{"@type":"WebPage","@id":"https:\/\/foodsciencesweden.se\/sv\/lift-forskarskola\/vetenskaplig-excellens\/","url":"https:\/\/foodsciencesweden.se\/sv\/lift-forskarskola\/vetenskaplig-excellens\/","name":"Samverkan och n\u00e4tverk - Food Science Sweden","isPartOf":{"@id":"https:\/\/foodsciencesweden.se\/#website"},"datePublished":"2024-09-04T15:16:57+00:00","dateModified":"2025-02-04T12:46:49+00:00","breadcrumb":{"@id":"https:\/\/foodsciencesweden.se\/sv\/lift-forskarskola\/vetenskaplig-excellens\/#breadcrumb"},"inLanguage":"sv-SE","potentialAction":[{"@type":"ReadAction","target":["https:\/\/foodsciencesweden.se\/sv\/lift-forskarskola\/vetenskaplig-excellens\/"]}]},{"@type":"BreadcrumbList","@id":"https:\/\/foodsciencesweden.se\/sv\/lift-forskarskola\/vetenskaplig-excellens\/#breadcrumb","itemListElement":[{"@type":"ListItem","position":1,"name":"Home","item":"https:\/\/foodsciencesweden.se\/sv\/valkommen-till-food-science-sweden\/"},{"@type":"ListItem","position":2,"name":"LiFT Forskarskola","item":"https:\/\/foodsciencesweden.se\/sv\/lift-forskarskola\/"},{"@type":"ListItem","position":3,"name":"Samverkan och n\u00e4tverk"}]},{"@type":"WebSite","@id":"https:\/\/foodsciencesweden.se\/#website","url":"https:\/\/foodsciencesweden.se\/","name":"Food Science Sweden","description":"Chalmers | LTH | RISE | SLU I KTH","publisher":{"@id":"https:\/\/foodsciencesweden.se\/#organization"},"potentialAction":[{"@type":"SearchAction","target":{"@type":"EntryPoint","urlTemplate":"https:\/\/foodsciencesweden.se\/?s={search_term_string}"},"query-input":{"@type":"PropertyValueSpecification","valueRequired":true,"valueName":"search_term_string"}}],"inLanguage":"sv-SE"},{"@type":"Organization","@id":"https:\/\/foodsciencesweden.se\/#organization","name":"Food Science Sweden","url":"https:\/\/foodsciencesweden.se\/","logo":{"@type":"ImageObject","inLanguage":"sv-SE","@id":"https:\/\/foodsciencesweden.se\/#\/schema\/logo\/image\/","url":"https:\/\/foodsciencesweden.se\/wp-content\/uploads\/2024\/08\/logo.png","contentUrl":"https:\/\/foodsciencesweden.se\/wp-content\/uploads\/2024\/08\/logo.png","width":1555,"height":338,"caption":"Food Science Sweden"},"image":{"@id":"https:\/\/foodsciencesweden.se\/#\/schema\/logo\/image\/"}}]}},"_links":{"self":[{"href":"https:\/\/foodsciencesweden.se\/sv\/wp-json\/wp\/v2\/pages\/432","targetHints":{"allow":["GET"]}}],"collection":[{"href":"https:\/\/foodsciencesweden.se\/sv\/wp-json\/wp\/v2\/pages"}],"about":[{"href":"https:\/\/foodsciencesweden.se\/sv\/wp-json\/wp\/v2\/types\/page"}],"author":[{"embeddable":true,"href":"https:\/\/foodsciencesweden.se\/sv\/wp-json\/wp\/v2\/users\/2"}],"replies":[{"embeddable":true,"href":"https:\/\/foodsciencesweden.se\/sv\/wp-json\/wp\/v2\/comments?post=432"}],"version-history":[{"count":13,"href":"https:\/\/foodsciencesweden.se\/sv\/wp-json\/wp\/v2\/pages\/432\/revisions"}],"predecessor-version":[{"id":1637,"href":"https:\/\/foodsciencesweden.se\/sv\/wp-json\/wp\/v2\/pages\/432\/revisions\/1637"}],"up":[{"embeddable":true,"href":"https:\/\/foodsciencesweden.se\/sv\/wp-json\/wp\/v2\/pages\/305"}],"wp:attachment":[{"href":"https:\/\/foodsciencesweden.se\/sv\/wp-json\/wp\/v2\/media?parent=432"}],"curies":[{"name":"wp","href":"https:\/\/api.w.org\/{rel}","templated":true}]}}