{"id":420,"date":"2024-09-04T17:16:07","date_gmt":"2024-09-04T15:16:07","guid":{"rendered":"https:\/\/foodsciencesweden.se\/lift-forskarskola\/kurser-och-mentorskap\/"},"modified":"2025-02-04T15:09:22","modified_gmt":"2025-02-04T14:09:22","slug":"kurser-och-mentorskap","status":"publish","type":"page","link":"https:\/\/foodsciencesweden.se\/sv\/lift-forskarskola\/kurser-och-mentorskap\/","title":{"rendered":"LiFT kurser och mentorskap"},"content":{"rendered":"\n<!-- Testimonial Section Start -->\n<div id=\"rs-testimonial\" class=\"rs-testimonial testimonial-style3 pb-120 md-pb-80 image-text\">\n  <div class=\"row no-gutters\">\n          <div class=\"col-lg-6 testi-image\" style=\"background-image:url(https:\/\/foodsciencesweden.se\/wp-content\/uploads\/2025\/02\/fss-kth-library-1.jpg)\"><\/div>\n        <div class=\"col-lg-6\">\n      <div class=\"widget-content\">\n                <div class=\"sec-title mb-40 md-mb-20\">\n          <h2 class=\"title title2\">\n            LiFT-kurser och mentorskap          <\/h2>\n        <\/div>\n                <div>\n          <div class=\"testi-item\">\n                        <div class=\"testi-content\">\n              <div class=\"testi-information\">\n                                              <\/div>\n            <\/div>\n          <\/div>\n        <\/div>\n      <\/div> <!-- widget content -->\n    <\/div>\n  <\/div>\n<\/div>\n<!-- Testimonial Section End -->\n\n\n\n<div class=\"rs-services-single content-block pb-120 md-pb-80\">\n  <div class=\"container\">\n        <h2>LiFT-kurser och mentorskap<\/h2>\n<p><strong>Industriblocket \u00e4r till f\u00f6r att \u00f6ka doktorandens f\u00f6rst\u00e5else f\u00f6r industrins arbetss\u00e4tt. \u00c4ven s\u00e5 kallade programspecifika kurser anordnas vid alla samtliga universitetsorterna d\u00e5 behov finns. <\/strong><\/p>\n<h3>Kurser<\/h3>\n<p>Det industriella kursblocket i forskarskolan best\u00e5r av fem teoretiska kurser. Det \u00e4r obligatoriskt f\u00f6r LiFT-doktorander att l\u00e4sa fyra valfria av dessa fem:<\/p>\n<ul>\n<li>Livsmedelsakt\u00f6rer i Sverige<\/li>\n<li>Livsmedelsetik och lagstiftning<\/li>\n<li>Innovationsstrategi, entrepren\u00f6rskap och projektledning<\/li>\n<li>Konsumentens perspektiv p\u00e5 livsmedel<\/li>\n<li>H\u00e5llbara, motst\u00e5ndskraftiga och cirkul\u00e4ra livsmedelssystem<\/li>\n<\/ul>\n<h3>Mentorskap<\/h3>\n<p>H\u00e5llbara, motst\u00e5ndskraftiga och cirkul\u00e4ra livsmedelssystem. Kontinuerlig kontakt med industrin f\u00f6r att skapa f\u00f6rst\u00e5else f\u00f6r industriella fr\u00e5gest\u00e4llningar och industriellt t\u00e4nkande \u00e4r en viktig del i LiFTs forskarskola. F\u00f6r att \u00e5stadkomma detta har alla LiFT-doktorander en mentor i industrin.<\/p>\n<h3>Aktuella mentorf\u00f6retag<\/h3>\n<ul>\n<li><a href=\"https:\/\/www.arla.se\/\">Arla<\/a><\/li>\n<li><a href=\"https:\/\/aventureab.com\/\">Aventure<\/a><\/li>\n<li><a href=\"https:\/\/se.biogaia.com\/\">Biogaia<\/a><\/li>\n<li><a href=\"https:\/\/www.culinar.se\/\">Culinar<\/a><\/li>\n<li><a href=\"https:\/\/dapibuset.com\/\">Dapibuset<\/a><\/li>\n<li><a href=\"https:\/\/www.lantmannen.com\/\">Lantm\u00e4nnen<\/a><\/li>\n<li><a href=\"https:\/\/kavli.se\/\">Kavli<\/a><\/li>\n<li><a href=\"https:\/\/www.lohilofoods.com\/?lang=en\">Lohilo Foods<\/a><\/li>\n<li><a href=\"https:\/\/www.maurten.com\/\">Maurten<\/a><\/li>\n<li><a href=\"https:\/\/www.oatly.com\/\">Oatly<\/a><\/li>\n<li><a href=\"https:\/\/www.orklafoods.se\/\">Orkla Foods<\/a><\/li>\n<li><a href=\"https:\/\/www.pauliggroup.com\/\">Paulig<\/a><\/li>\n<li><a href=\"https:\/\/www.skanemejerier.se\/\">Sk\u00e5nemejerier<\/a><\/li>\n<li><a href=\"https:\/\/sproudglobal.com\/sv\/\">Sproud<\/a><\/li>\n<li><a href=\"https:\/\/www.thegreendairy.com\/\">The Green Dairy<\/a><\/li>\n<li><a href=\"https:\/\/www.livsmedelsforetagen.se\/in-english\/\">The Swedish Food Federation (Livsmedelsf\u00f6retagen, Li)<\/a><\/li>\n<\/ul>\n  <\/div>\n<\/div>\n","protected":false},"excerpt":{"rendered":"","protected":false},"author":2,"featured_media":0,"parent":305,"menu_order":0,"comment_status":"closed","ping_status":"closed","template":"","meta":{"inline_featured_image":false,"footnotes":""},"class_list":["post-420","page","type-page","status-publish","hentry"],"acf":[],"yoast_head":"<!-- This site is optimized with the Yoast SEO plugin v23.6 - https:\/\/yoast.com\/wordpress\/plugins\/seo\/ -->\n<title>LiFT kurser och mentorskap - Food Science Sweden<\/title>\n<meta name=\"robots\" content=\"index, follow, max-snippet:-1, max-image-preview:large, max-video-preview:-1\" \/>\n<link rel=\"canonical\" href=\"https:\/\/foodsciencesweden.se\/sv\/lift-forskarskola\/kurser-och-mentorskap\/\" \/>\n<meta property=\"og:locale\" content=\"sv_SE\" \/>\n<meta property=\"og:type\" content=\"article\" \/>\n<meta property=\"og:title\" content=\"LiFT kurser och mentorskap - Food Science Sweden\" \/>\n<meta property=\"og:url\" content=\"https:\/\/foodsciencesweden.se\/sv\/lift-forskarskola\/kurser-och-mentorskap\/\" \/>\n<meta property=\"og:site_name\" content=\"Food Science Sweden\" \/>\n<meta property=\"article:modified_time\" content=\"2025-02-04T14:09:22+00:00\" \/>\n<meta name=\"twitter:card\" content=\"summary_large_image\" \/>\n<meta name=\"twitter:label1\" content=\"Est. reading time\" \/>\n\t<meta name=\"twitter:data1\" content=\"1 minute\" \/>\n<script type=\"application\/ld+json\" class=\"yoast-schema-graph\">{\"@context\":\"https:\/\/schema.org\",\"@graph\":[{\"@type\":\"WebPage\",\"@id\":\"https:\/\/foodsciencesweden.se\/sv\/lift-forskarskola\/kurser-och-mentorskap\/\",\"url\":\"https:\/\/foodsciencesweden.se\/sv\/lift-forskarskola\/kurser-och-mentorskap\/\",\"name\":\"LiFT kurser och mentorskap - Food Science Sweden\",\"isPartOf\":{\"@id\":\"https:\/\/foodsciencesweden.se\/#website\"},\"datePublished\":\"2024-09-04T15:16:07+00:00\",\"dateModified\":\"2025-02-04T14:09:22+00:00\",\"breadcrumb\":{\"@id\":\"https:\/\/foodsciencesweden.se\/sv\/lift-forskarskola\/kurser-och-mentorskap\/#breadcrumb\"},\"inLanguage\":\"sv-SE\",\"potentialAction\":[{\"@type\":\"ReadAction\",\"target\":[\"https:\/\/foodsciencesweden.se\/sv\/lift-forskarskola\/kurser-och-mentorskap\/\"]}]},{\"@type\":\"BreadcrumbList\",\"@id\":\"https:\/\/foodsciencesweden.se\/sv\/lift-forskarskola\/kurser-och-mentorskap\/#breadcrumb\",\"itemListElement\":[{\"@type\":\"ListItem\",\"position\":1,\"name\":\"Home\",\"item\":\"https:\/\/foodsciencesweden.se\/sv\/valkommen-till-food-science-sweden\/\"},{\"@type\":\"ListItem\",\"position\":2,\"name\":\"LiFT Forskarskola\",\"item\":\"https:\/\/foodsciencesweden.se\/sv\/lift-forskarskola\/\"},{\"@type\":\"ListItem\",\"position\":3,\"name\":\"LiFT kurser och mentorskap\"}]},{\"@type\":\"WebSite\",\"@id\":\"https:\/\/foodsciencesweden.se\/#website\",\"url\":\"https:\/\/foodsciencesweden.se\/\",\"name\":\"Food Science Sweden\",\"description\":\"Chalmers | LTH | RISE | SLU I KTH\",\"publisher\":{\"@id\":\"https:\/\/foodsciencesweden.se\/#organization\"},\"potentialAction\":[{\"@type\":\"SearchAction\",\"target\":{\"@type\":\"EntryPoint\",\"urlTemplate\":\"https:\/\/foodsciencesweden.se\/?s={search_term_string}\"},\"query-input\":{\"@type\":\"PropertyValueSpecification\",\"valueRequired\":true,\"valueName\":\"search_term_string\"}}],\"inLanguage\":\"sv-SE\"},{\"@type\":\"Organization\",\"@id\":\"https:\/\/foodsciencesweden.se\/#organization\",\"name\":\"Food Science Sweden\",\"url\":\"https:\/\/foodsciencesweden.se\/\",\"logo\":{\"@type\":\"ImageObject\",\"inLanguage\":\"sv-SE\",\"@id\":\"https:\/\/foodsciencesweden.se\/#\/schema\/logo\/image\/\",\"url\":\"https:\/\/foodsciencesweden.se\/wp-content\/uploads\/2024\/08\/logo.png\",\"contentUrl\":\"https:\/\/foodsciencesweden.se\/wp-content\/uploads\/2024\/08\/logo.png\",\"width\":1555,\"height\":338,\"caption\":\"Food Science Sweden\"},\"image\":{\"@id\":\"https:\/\/foodsciencesweden.se\/#\/schema\/logo\/image\/\"}}]}<\/script>\n<!-- \/ Yoast SEO plugin. -->","yoast_head_json":{"title":"LiFT kurser och mentorskap - Food Science Sweden","robots":{"index":"index","follow":"follow","max-snippet":"max-snippet:-1","max-image-preview":"max-image-preview:large","max-video-preview":"max-video-preview:-1"},"canonical":"https:\/\/foodsciencesweden.se\/sv\/lift-forskarskola\/kurser-och-mentorskap\/","og_locale":"sv_SE","og_type":"article","og_title":"LiFT kurser och mentorskap - Food Science Sweden","og_url":"https:\/\/foodsciencesweden.se\/sv\/lift-forskarskola\/kurser-och-mentorskap\/","og_site_name":"Food Science Sweden","article_modified_time":"2025-02-04T14:09:22+00:00","twitter_card":"summary_large_image","twitter_misc":{"Est. reading time":"1 minute"},"schema":{"@context":"https:\/\/schema.org","@graph":[{"@type":"WebPage","@id":"https:\/\/foodsciencesweden.se\/sv\/lift-forskarskola\/kurser-och-mentorskap\/","url":"https:\/\/foodsciencesweden.se\/sv\/lift-forskarskola\/kurser-och-mentorskap\/","name":"LiFT kurser och mentorskap - Food Science Sweden","isPartOf":{"@id":"https:\/\/foodsciencesweden.se\/#website"},"datePublished":"2024-09-04T15:16:07+00:00","dateModified":"2025-02-04T14:09:22+00:00","breadcrumb":{"@id":"https:\/\/foodsciencesweden.se\/sv\/lift-forskarskola\/kurser-och-mentorskap\/#breadcrumb"},"inLanguage":"sv-SE","potentialAction":[{"@type":"ReadAction","target":["https:\/\/foodsciencesweden.se\/sv\/lift-forskarskola\/kurser-och-mentorskap\/"]}]},{"@type":"BreadcrumbList","@id":"https:\/\/foodsciencesweden.se\/sv\/lift-forskarskola\/kurser-och-mentorskap\/#breadcrumb","itemListElement":[{"@type":"ListItem","position":1,"name":"Home","item":"https:\/\/foodsciencesweden.se\/sv\/valkommen-till-food-science-sweden\/"},{"@type":"ListItem","position":2,"name":"LiFT Forskarskola","item":"https:\/\/foodsciencesweden.se\/sv\/lift-forskarskola\/"},{"@type":"ListItem","position":3,"name":"LiFT kurser och mentorskap"}]},{"@type":"WebSite","@id":"https:\/\/foodsciencesweden.se\/#website","url":"https:\/\/foodsciencesweden.se\/","name":"Food Science Sweden","description":"Chalmers | LTH | RISE | SLU I KTH","publisher":{"@id":"https:\/\/foodsciencesweden.se\/#organization"},"potentialAction":[{"@type":"SearchAction","target":{"@type":"EntryPoint","urlTemplate":"https:\/\/foodsciencesweden.se\/?s={search_term_string}"},"query-input":{"@type":"PropertyValueSpecification","valueRequired":true,"valueName":"search_term_string"}}],"inLanguage":"sv-SE"},{"@type":"Organization","@id":"https:\/\/foodsciencesweden.se\/#organization","name":"Food Science Sweden","url":"https:\/\/foodsciencesweden.se\/","logo":{"@type":"ImageObject","inLanguage":"sv-SE","@id":"https:\/\/foodsciencesweden.se\/#\/schema\/logo\/image\/","url":"https:\/\/foodsciencesweden.se\/wp-content\/uploads\/2024\/08\/logo.png","contentUrl":"https:\/\/foodsciencesweden.se\/wp-content\/uploads\/2024\/08\/logo.png","width":1555,"height":338,"caption":"Food Science Sweden"},"image":{"@id":"https:\/\/foodsciencesweden.se\/#\/schema\/logo\/image\/"}}]}},"_links":{"self":[{"href":"https:\/\/foodsciencesweden.se\/sv\/wp-json\/wp\/v2\/pages\/420","targetHints":{"allow":["GET"]}}],"collection":[{"href":"https:\/\/foodsciencesweden.se\/sv\/wp-json\/wp\/v2\/pages"}],"about":[{"href":"https:\/\/foodsciencesweden.se\/sv\/wp-json\/wp\/v2\/types\/page"}],"author":[{"embeddable":true,"href":"https:\/\/foodsciencesweden.se\/sv\/wp-json\/wp\/v2\/users\/2"}],"replies":[{"embeddable":true,"href":"https:\/\/foodsciencesweden.se\/sv\/wp-json\/wp\/v2\/comments?post=420"}],"version-history":[{"count":30,"href":"https:\/\/foodsciencesweden.se\/sv\/wp-json\/wp\/v2\/pages\/420\/revisions"}],"predecessor-version":[{"id":1711,"href":"https:\/\/foodsciencesweden.se\/sv\/wp-json\/wp\/v2\/pages\/420\/revisions\/1711"}],"up":[{"embeddable":true,"href":"https:\/\/foodsciencesweden.se\/sv\/wp-json\/wp\/v2\/pages\/305"}],"wp:attachment":[{"href":"https:\/\/foodsciencesweden.se\/sv\/wp-json\/wp\/v2\/media?parent=420"}],"curies":[{"name":"wp","href":"https:\/\/api.w.org\/{rel}","templated":true}]}}