{"id":309,"date":"2024-08-30T13:37:32","date_gmt":"2024-08-30T11:37:32","guid":{"rendered":"https:\/\/foodsciencesweden.se\/samarbete\/"},"modified":"2025-02-04T19:06:12","modified_gmt":"2025-02-04T18:06:12","slug":"samarbete","status":"publish","type":"page","link":"https:\/\/foodsciencesweden.se\/sv\/samarbete\/","title":{"rendered":"Samarbete"},"content":{"rendered":"\n<!-- Testimonial Section Start -->\n<div id=\"rs-testimonial\" class=\"rs-testimonial testimonial-style3 pb-120 md-pb-80 image-text\">\n  <div class=\"row no-gutters\">\n          <div class=\"col-lg-6 testi-image\" style=\"background-image:url(https:\/\/foodsciencesweden.se\/wp-content\/uploads\/2024\/11\/adobestock-707699718-scaled.jpeg)\"><\/div>\n        <div class=\"col-lg-6\">\n      <div class=\"widget-content\">\n                <div class=\"sec-title mb-40 md-mb-20\">\n          <h2 class=\"title title2\">\n            Nationellt samarbete f\u00f6r svensk livsmedelsforskning f\u00f6r att uppn\u00e5 kritisk massa och excellens.          <\/h2>\n        <\/div>\n                <div>\n          <div class=\"testi-item\">\n                        <div class=\"testi-content\">\n              <div class=\"testi-information\">\n                                              <\/div>\n            <\/div>\n          <\/div>\n        <\/div>\n      <\/div> <!-- widget content -->\n    <\/div>\n  <\/div>\n<\/div>\n<!-- Testimonial Section End -->\n\n\n\n<div class=\"rs-services-single content-block pb-120 md-pb-80\">\n  <div class=\"container\">\n        <h2>Samarbete<\/h2>\n<p>Food Science Sweden str\u00e4var efter att:<\/p>\n<ul>\n<li>Bidra till \u00f6kad kvalitet och omfattning av b\u00e5de intra- och tv\u00e4rvetenskaplig livsmedelsforskning.<\/li>\n<li>Identifiera och skapa gr\u00e4ns\u00f6verskridande till\u00e4mpade forskningsprogram i Sverige.<\/li>\n<li>St\u00e4rka svensk livsmedelsforskning genom att utveckla gemensamma forskningsprioriteringar och fr\u00e4mja nationellt samarbete mellan forskningscentra.<\/li>\n<li>Vara en synlig och samlande representant f\u00f6r svensk livsmedelsforskning, och skapa f\u00f6rtroende hos myndigheter och n\u00e4ringsliv.<\/li>\n<li>\u00d6ka genomslaget, synligheten och inflytandet av svensk livsmedelskompetens genom \u00f6kat samarbete mellan organisationerna. En nationell samarbetsplattform f\u00f6r livsmedelsforskning \u00e4r n\u00f6dv\u00e4ndig f\u00f6r att n\u00e5 kritisk massa och excellens. Detta kr\u00e4vs f\u00f6r att svensk livsmedelsforskning ska vara attraktiv f\u00f6r internationella initiativ, men ocks\u00e5 f\u00f6r att m\u00f6ta framtida nationella utmaningar och behov.<\/li>\n<li>Skapa nya m\u00f6jligheter till samarbete mellan livsmedelssektorn, universitet, myndigheter och allm\u00e4nheten i Sverige.<\/li>\n<li>Skapa en arena och plattform d\u00e4r forskare och industrirepresentanter kan m\u00f6ta varandra f\u00f6r att utbyta kunskaper, erfarenheter och d\u00e4r LiFT-studenter kan presentera den senaste forskningen.<\/li>\n<\/ul>\n<p>F\u00f6r att inleda ett samarbete med oss kontakta Food Science Swedens verksamhetsledare <a href=\"mailto:jeanette.purhagen@ple.lth.se\">Jeanette Purhagen.<\/a><\/p>\n  <\/div>\n<\/div>\n","protected":false},"excerpt":{"rendered":"","protected":false},"author":2,"featured_media":0,"parent":0,"menu_order":0,"comment_status":"closed","ping_status":"closed","template":"","meta":{"inline_featured_image":false,"footnotes":""},"class_list":["post-309","page","type-page","status-publish","hentry"],"acf":[],"yoast_head":"<!-- This site is optimized with the Yoast SEO plugin v23.6 - https:\/\/yoast.com\/wordpress\/plugins\/seo\/ -->\n<title>Samarbete - Food Science Sweden<\/title>\n<meta name=\"robots\" content=\"index, follow, max-snippet:-1, max-image-preview:large, max-video-preview:-1\" \/>\n<link rel=\"canonical\" href=\"https:\/\/foodsciencesweden.se\/sv\/samarbete\/\" \/>\n<meta property=\"og:locale\" content=\"sv_SE\" \/>\n<meta property=\"og:type\" content=\"article\" \/>\n<meta property=\"og:title\" content=\"Samarbete - Food Science Sweden\" \/>\n<meta property=\"og:url\" content=\"https:\/\/foodsciencesweden.se\/sv\/samarbete\/\" \/>\n<meta property=\"og:site_name\" content=\"Food Science Sweden\" \/>\n<meta property=\"article:modified_time\" content=\"2025-02-04T18:06:12+00:00\" \/>\n<meta name=\"twitter:card\" content=\"summary_large_image\" \/>\n<meta name=\"twitter:label1\" content=\"Est. reading time\" \/>\n\t<meta name=\"twitter:data1\" content=\"1 minute\" \/>\n<script type=\"application\/ld+json\" class=\"yoast-schema-graph\">{\"@context\":\"https:\/\/schema.org\",\"@graph\":[{\"@type\":\"WebPage\",\"@id\":\"https:\/\/foodsciencesweden.se\/sv\/samarbete\/\",\"url\":\"https:\/\/foodsciencesweden.se\/sv\/samarbete\/\",\"name\":\"Samarbete - Food Science Sweden\",\"isPartOf\":{\"@id\":\"https:\/\/foodsciencesweden.se\/#website\"},\"datePublished\":\"2024-08-30T11:37:32+00:00\",\"dateModified\":\"2025-02-04T18:06:12+00:00\",\"breadcrumb\":{\"@id\":\"https:\/\/foodsciencesweden.se\/sv\/samarbete\/#breadcrumb\"},\"inLanguage\":\"sv-SE\",\"potentialAction\":[{\"@type\":\"ReadAction\",\"target\":[\"https:\/\/foodsciencesweden.se\/sv\/samarbete\/\"]}]},{\"@type\":\"BreadcrumbList\",\"@id\":\"https:\/\/foodsciencesweden.se\/sv\/samarbete\/#breadcrumb\",\"itemListElement\":[{\"@type\":\"ListItem\",\"position\":1,\"name\":\"Home\",\"item\":\"https:\/\/foodsciencesweden.se\/sv\/valkommen-till-food-science-sweden\/\"},{\"@type\":\"ListItem\",\"position\":2,\"name\":\"Samarbete\"}]},{\"@type\":\"WebSite\",\"@id\":\"https:\/\/foodsciencesweden.se\/#website\",\"url\":\"https:\/\/foodsciencesweden.se\/\",\"name\":\"Food Science Sweden\",\"description\":\"Chalmers | LTH | RISE | SLU I KTH\",\"publisher\":{\"@id\":\"https:\/\/foodsciencesweden.se\/#organization\"},\"potentialAction\":[{\"@type\":\"SearchAction\",\"target\":{\"@type\":\"EntryPoint\",\"urlTemplate\":\"https:\/\/foodsciencesweden.se\/?s={search_term_string}\"},\"query-input\":{\"@type\":\"PropertyValueSpecification\",\"valueRequired\":true,\"valueName\":\"search_term_string\"}}],\"inLanguage\":\"sv-SE\"},{\"@type\":\"Organization\",\"@id\":\"https:\/\/foodsciencesweden.se\/#organization\",\"name\":\"Food Science Sweden\",\"url\":\"https:\/\/foodsciencesweden.se\/\",\"logo\":{\"@type\":\"ImageObject\",\"inLanguage\":\"sv-SE\",\"@id\":\"https:\/\/foodsciencesweden.se\/#\/schema\/logo\/image\/\",\"url\":\"https:\/\/foodsciencesweden.se\/wp-content\/uploads\/2024\/08\/logo.png\",\"contentUrl\":\"https:\/\/foodsciencesweden.se\/wp-content\/uploads\/2024\/08\/logo.png\",\"width\":1555,\"height\":338,\"caption\":\"Food Science Sweden\"},\"image\":{\"@id\":\"https:\/\/foodsciencesweden.se\/#\/schema\/logo\/image\/\"}}]}<\/script>\n<!-- \/ Yoast SEO plugin. -->","yoast_head_json":{"title":"Samarbete - Food Science Sweden","robots":{"index":"index","follow":"follow","max-snippet":"max-snippet:-1","max-image-preview":"max-image-preview:large","max-video-preview":"max-video-preview:-1"},"canonical":"https:\/\/foodsciencesweden.se\/sv\/samarbete\/","og_locale":"sv_SE","og_type":"article","og_title":"Samarbete - Food Science Sweden","og_url":"https:\/\/foodsciencesweden.se\/sv\/samarbete\/","og_site_name":"Food Science Sweden","article_modified_time":"2025-02-04T18:06:12+00:00","twitter_card":"summary_large_image","twitter_misc":{"Est. reading time":"1 minute"},"schema":{"@context":"https:\/\/schema.org","@graph":[{"@type":"WebPage","@id":"https:\/\/foodsciencesweden.se\/sv\/samarbete\/","url":"https:\/\/foodsciencesweden.se\/sv\/samarbete\/","name":"Samarbete - Food Science Sweden","isPartOf":{"@id":"https:\/\/foodsciencesweden.se\/#website"},"datePublished":"2024-08-30T11:37:32+00:00","dateModified":"2025-02-04T18:06:12+00:00","breadcrumb":{"@id":"https:\/\/foodsciencesweden.se\/sv\/samarbete\/#breadcrumb"},"inLanguage":"sv-SE","potentialAction":[{"@type":"ReadAction","target":["https:\/\/foodsciencesweden.se\/sv\/samarbete\/"]}]},{"@type":"BreadcrumbList","@id":"https:\/\/foodsciencesweden.se\/sv\/samarbete\/#breadcrumb","itemListElement":[{"@type":"ListItem","position":1,"name":"Home","item":"https:\/\/foodsciencesweden.se\/sv\/valkommen-till-food-science-sweden\/"},{"@type":"ListItem","position":2,"name":"Samarbete"}]},{"@type":"WebSite","@id":"https:\/\/foodsciencesweden.se\/#website","url":"https:\/\/foodsciencesweden.se\/","name":"Food Science Sweden","description":"Chalmers | LTH | RISE | SLU I KTH","publisher":{"@id":"https:\/\/foodsciencesweden.se\/#organization"},"potentialAction":[{"@type":"SearchAction","target":{"@type":"EntryPoint","urlTemplate":"https:\/\/foodsciencesweden.se\/?s={search_term_string}"},"query-input":{"@type":"PropertyValueSpecification","valueRequired":true,"valueName":"search_term_string"}}],"inLanguage":"sv-SE"},{"@type":"Organization","@id":"https:\/\/foodsciencesweden.se\/#organization","name":"Food Science Sweden","url":"https:\/\/foodsciencesweden.se\/","logo":{"@type":"ImageObject","inLanguage":"sv-SE","@id":"https:\/\/foodsciencesweden.se\/#\/schema\/logo\/image\/","url":"https:\/\/foodsciencesweden.se\/wp-content\/uploads\/2024\/08\/logo.png","contentUrl":"https:\/\/foodsciencesweden.se\/wp-content\/uploads\/2024\/08\/logo.png","width":1555,"height":338,"caption":"Food Science Sweden"},"image":{"@id":"https:\/\/foodsciencesweden.se\/#\/schema\/logo\/image\/"}}]}},"_links":{"self":[{"href":"https:\/\/foodsciencesweden.se\/sv\/wp-json\/wp\/v2\/pages\/309","targetHints":{"allow":["GET"]}}],"collection":[{"href":"https:\/\/foodsciencesweden.se\/sv\/wp-json\/wp\/v2\/pages"}],"about":[{"href":"https:\/\/foodsciencesweden.se\/sv\/wp-json\/wp\/v2\/types\/page"}],"author":[{"embeddable":true,"href":"https:\/\/foodsciencesweden.se\/sv\/wp-json\/wp\/v2\/users\/2"}],"replies":[{"embeddable":true,"href":"https:\/\/foodsciencesweden.se\/sv\/wp-json\/wp\/v2\/comments?post=309"}],"version-history":[{"count":15,"href":"https:\/\/foodsciencesweden.se\/sv\/wp-json\/wp\/v2\/pages\/309\/revisions"}],"predecessor-version":[{"id":1855,"href":"https:\/\/foodsciencesweden.se\/sv\/wp-json\/wp\/v2\/pages\/309\/revisions\/1855"}],"wp:attachment":[{"href":"https:\/\/foodsciencesweden.se\/sv\/wp-json\/wp\/v2\/media?parent=309"}],"curies":[{"name":"wp","href":"https:\/\/api.w.org\/{rel}","templated":true}]}}