{"id":307,"date":"2024-08-30T13:37:56","date_gmt":"2024-08-30T11:37:56","guid":{"rendered":"https:\/\/foodsciencesweden.se\/uppsokande-verksamhet\/"},"modified":"2025-02-04T23:06:53","modified_gmt":"2025-02-04T22:06:53","slug":"uppsokande-verksamhet","status":"publish","type":"page","link":"https:\/\/foodsciencesweden.se\/sv\/uppsokande-verksamhet\/","title":{"rendered":"Outreach"},"content":{"rendered":"\n<!-- Testimonial Section Start -->\n<div id=\"rs-testimonial\" class=\"rs-testimonial testimonial-style3 pb-120 md-pb-80 image-text\">\n  <div class=\"row no-gutters\">\n          <div class=\"col-lg-6 testi-image\" style=\"background-image:url(https:\/\/foodsciencesweden.se\/wp-content\/uploads\/2025\/02\/fss-lab-1.jpg)\"><\/div>\n        <div class=\"col-lg-6\">\n      <div class=\"widget-content\">\n                <div class=\"sec-title mb-40 md-mb-20\">\n          <h2 class=\"title title2\">\n            Vi arbetar f\u00f6r att synligg\u00f6r den kompetens som finns inom livsmedelsvetenskap i Sverige          <\/h2>\n        <\/div>\n                <div>\n          <div class=\"testi-item\">\n                        <div class=\"testi-content\">\n              <div class=\"testi-information\">\n                                              <\/div>\n            <\/div>\n          <\/div>\n        <\/div>\n      <\/div> <!-- widget content -->\n    <\/div>\n  <\/div>\n<\/div>\n<!-- Testimonial Section End -->\n\n\n\n<div class=\"rs-services-single content-block pb-120 md-pb-80\">\n  <div class=\"container\">\n        <h2>Ut\u00e5triktad verksamhet<\/h2>\n<p><strong>Food Science Sweden f\u00f6rser samh\u00e4lle, n\u00e4ringsliv och myndigheter med fakta och kunskap om svensk livsmedelsvetenskaplig forskning s\u00e5 att v\u00e5ra medlemsorganisationers samlade kompetens kan komma samh\u00e4llet till nytta.<\/strong><\/p>\n<p>Vi vill \u00e4ven f\u00f6renkla f\u00f6r samh\u00e4lle, n\u00e4ringsliv och myndigheter att anv\u00e4nda och dra nytta av den samlade kompetens som finns inom medlemskapet samt att v\u00e5ra forskare insyn i samh\u00e4llet och n\u00e4ringslivets utmaningar, erfarenheter och behov.<\/p>\n<p><strong>Inspel<\/strong><\/p>\n<p>Food Science Sweden har identifierat nationellt starka forskningsomr\u00e5den och framtida (nationella) forskningsbehov inom livsmedelsforskning. Identifierade styrkor och behov har i diskussion med Food Science Sweden legat till grund f\u00f6r flera inspel:<\/p>\n<ul>\n<li><a href=\"http:\/\/foodsciencesweden.se\/wp-content\/uploads\/2020\/03\/FSS-inspel_Handlingsplan_Livsmedelsstrategin_2020-2022.pdf\">Food Science Sweden &#8211; Inspel_Handlingsplan_Livsmedelsstrategin_2020-2022<\/a><\/li>\n<li><a href=\"http:\/\/foodsciencesweden.se\/wp-content\/uploads\/2020\/03\/FSS-inspel_Nationella-Forskningsprogrammet-for-livsmedel_2018.pdf\">Food Science Sweden &#8211; Inspel_Nationella-Forskningsprogrammet-for-livsmedel_2018<\/a><\/li>\n<li>Sweden Food Arenas f\u00f6reslagna tematiska omr\u00e5den f\u00f6r forskning och innovation.<\/li>\n<\/ul>\n<p>&nbsp;<\/p>\n  <\/div>\n<\/div>\n","protected":false},"excerpt":{"rendered":"","protected":false},"author":2,"featured_media":0,"parent":0,"menu_order":0,"comment_status":"closed","ping_status":"closed","template":"","meta":{"inline_featured_image":false,"footnotes":""},"class_list":["post-307","page","type-page","status-publish","hentry"],"acf":[],"yoast_head":"<!-- This site is optimized with the Yoast SEO plugin v23.6 - https:\/\/yoast.com\/wordpress\/plugins\/seo\/ -->\n<title>Outreach - Food Science Sweden<\/title>\n<meta name=\"robots\" content=\"index, follow, max-snippet:-1, max-image-preview:large, max-video-preview:-1\" \/>\n<link rel=\"canonical\" href=\"https:\/\/foodsciencesweden.se\/sv\/uppsokande-verksamhet\/\" \/>\n<meta property=\"og:locale\" content=\"sv_SE\" \/>\n<meta property=\"og:type\" content=\"article\" \/>\n<meta property=\"og:title\" content=\"Outreach - Food Science Sweden\" \/>\n<meta property=\"og:url\" content=\"https:\/\/foodsciencesweden.se\/sv\/uppsokande-verksamhet\/\" \/>\n<meta property=\"og:site_name\" content=\"Food Science Sweden\" \/>\n<meta property=\"article:modified_time\" content=\"2025-02-04T22:06:53+00:00\" \/>\n<meta name=\"twitter:card\" content=\"summary_large_image\" \/>\n<meta name=\"twitter:label1\" content=\"Est. reading time\" \/>\n\t<meta name=\"twitter:data1\" content=\"1 minute\" \/>\n<script type=\"application\/ld+json\" class=\"yoast-schema-graph\">{\"@context\":\"https:\/\/schema.org\",\"@graph\":[{\"@type\":\"WebPage\",\"@id\":\"https:\/\/foodsciencesweden.se\/sv\/uppsokande-verksamhet\/\",\"url\":\"https:\/\/foodsciencesweden.se\/sv\/uppsokande-verksamhet\/\",\"name\":\"Outreach - Food Science Sweden\",\"isPartOf\":{\"@id\":\"https:\/\/foodsciencesweden.se\/#website\"},\"datePublished\":\"2024-08-30T11:37:56+00:00\",\"dateModified\":\"2025-02-04T22:06:53+00:00\",\"breadcrumb\":{\"@id\":\"https:\/\/foodsciencesweden.se\/sv\/uppsokande-verksamhet\/#breadcrumb\"},\"inLanguage\":\"sv-SE\",\"potentialAction\":[{\"@type\":\"ReadAction\",\"target\":[\"https:\/\/foodsciencesweden.se\/sv\/uppsokande-verksamhet\/\"]}]},{\"@type\":\"BreadcrumbList\",\"@id\":\"https:\/\/foodsciencesweden.se\/sv\/uppsokande-verksamhet\/#breadcrumb\",\"itemListElement\":[{\"@type\":\"ListItem\",\"position\":1,\"name\":\"Home\",\"item\":\"https:\/\/foodsciencesweden.se\/sv\/valkommen-till-food-science-sweden\/\"},{\"@type\":\"ListItem\",\"position\":2,\"name\":\"Outreach\"}]},{\"@type\":\"WebSite\",\"@id\":\"https:\/\/foodsciencesweden.se\/#website\",\"url\":\"https:\/\/foodsciencesweden.se\/\",\"name\":\"Food Science Sweden\",\"description\":\"Chalmers | LTH | RISE | SLU I KTH\",\"publisher\":{\"@id\":\"https:\/\/foodsciencesweden.se\/#organization\"},\"potentialAction\":[{\"@type\":\"SearchAction\",\"target\":{\"@type\":\"EntryPoint\",\"urlTemplate\":\"https:\/\/foodsciencesweden.se\/?s={search_term_string}\"},\"query-input\":{\"@type\":\"PropertyValueSpecification\",\"valueRequired\":true,\"valueName\":\"search_term_string\"}}],\"inLanguage\":\"sv-SE\"},{\"@type\":\"Organization\",\"@id\":\"https:\/\/foodsciencesweden.se\/#organization\",\"name\":\"Food Science Sweden\",\"url\":\"https:\/\/foodsciencesweden.se\/\",\"logo\":{\"@type\":\"ImageObject\",\"inLanguage\":\"sv-SE\",\"@id\":\"https:\/\/foodsciencesweden.se\/#\/schema\/logo\/image\/\",\"url\":\"https:\/\/foodsciencesweden.se\/wp-content\/uploads\/2024\/08\/logo.png\",\"contentUrl\":\"https:\/\/foodsciencesweden.se\/wp-content\/uploads\/2024\/08\/logo.png\",\"width\":1555,\"height\":338,\"caption\":\"Food Science Sweden\"},\"image\":{\"@id\":\"https:\/\/foodsciencesweden.se\/#\/schema\/logo\/image\/\"}}]}<\/script>\n<!-- \/ Yoast SEO plugin. -->","yoast_head_json":{"title":"Outreach - Food Science Sweden","robots":{"index":"index","follow":"follow","max-snippet":"max-snippet:-1","max-image-preview":"max-image-preview:large","max-video-preview":"max-video-preview:-1"},"canonical":"https:\/\/foodsciencesweden.se\/sv\/uppsokande-verksamhet\/","og_locale":"sv_SE","og_type":"article","og_title":"Outreach - Food Science Sweden","og_url":"https:\/\/foodsciencesweden.se\/sv\/uppsokande-verksamhet\/","og_site_name":"Food Science Sweden","article_modified_time":"2025-02-04T22:06:53+00:00","twitter_card":"summary_large_image","twitter_misc":{"Est. reading time":"1 minute"},"schema":{"@context":"https:\/\/schema.org","@graph":[{"@type":"WebPage","@id":"https:\/\/foodsciencesweden.se\/sv\/uppsokande-verksamhet\/","url":"https:\/\/foodsciencesweden.se\/sv\/uppsokande-verksamhet\/","name":"Outreach - Food Science Sweden","isPartOf":{"@id":"https:\/\/foodsciencesweden.se\/#website"},"datePublished":"2024-08-30T11:37:56+00:00","dateModified":"2025-02-04T22:06:53+00:00","breadcrumb":{"@id":"https:\/\/foodsciencesweden.se\/sv\/uppsokande-verksamhet\/#breadcrumb"},"inLanguage":"sv-SE","potentialAction":[{"@type":"ReadAction","target":["https:\/\/foodsciencesweden.se\/sv\/uppsokande-verksamhet\/"]}]},{"@type":"BreadcrumbList","@id":"https:\/\/foodsciencesweden.se\/sv\/uppsokande-verksamhet\/#breadcrumb","itemListElement":[{"@type":"ListItem","position":1,"name":"Home","item":"https:\/\/foodsciencesweden.se\/sv\/valkommen-till-food-science-sweden\/"},{"@type":"ListItem","position":2,"name":"Outreach"}]},{"@type":"WebSite","@id":"https:\/\/foodsciencesweden.se\/#website","url":"https:\/\/foodsciencesweden.se\/","name":"Food Science Sweden","description":"Chalmers | LTH | RISE | SLU I KTH","publisher":{"@id":"https:\/\/foodsciencesweden.se\/#organization"},"potentialAction":[{"@type":"SearchAction","target":{"@type":"EntryPoint","urlTemplate":"https:\/\/foodsciencesweden.se\/?s={search_term_string}"},"query-input":{"@type":"PropertyValueSpecification","valueRequired":true,"valueName":"search_term_string"}}],"inLanguage":"sv-SE"},{"@type":"Organization","@id":"https:\/\/foodsciencesweden.se\/#organization","name":"Food Science Sweden","url":"https:\/\/foodsciencesweden.se\/","logo":{"@type":"ImageObject","inLanguage":"sv-SE","@id":"https:\/\/foodsciencesweden.se\/#\/schema\/logo\/image\/","url":"https:\/\/foodsciencesweden.se\/wp-content\/uploads\/2024\/08\/logo.png","contentUrl":"https:\/\/foodsciencesweden.se\/wp-content\/uploads\/2024\/08\/logo.png","width":1555,"height":338,"caption":"Food Science Sweden"},"image":{"@id":"https:\/\/foodsciencesweden.se\/#\/schema\/logo\/image\/"}}]}},"_links":{"self":[{"href":"https:\/\/foodsciencesweden.se\/sv\/wp-json\/wp\/v2\/pages\/307","targetHints":{"allow":["GET"]}}],"collection":[{"href":"https:\/\/foodsciencesweden.se\/sv\/wp-json\/wp\/v2\/pages"}],"about":[{"href":"https:\/\/foodsciencesweden.se\/sv\/wp-json\/wp\/v2\/types\/page"}],"author":[{"embeddable":true,"href":"https:\/\/foodsciencesweden.se\/sv\/wp-json\/wp\/v2\/users\/2"}],"replies":[{"embeddable":true,"href":"https:\/\/foodsciencesweden.se\/sv\/wp-json\/wp\/v2\/comments?post=307"}],"version-history":[{"count":19,"href":"https:\/\/foodsciencesweden.se\/sv\/wp-json\/wp\/v2\/pages\/307\/revisions"}],"predecessor-version":[{"id":2035,"href":"https:\/\/foodsciencesweden.se\/sv\/wp-json\/wp\/v2\/pages\/307\/revisions\/2035"}],"wp:attachment":[{"href":"https:\/\/foodsciencesweden.se\/sv\/wp-json\/wp\/v2\/media?parent=307"}],"curies":[{"name":"wp","href":"https:\/\/api.w.org\/{rel}","templated":true}]}}