{"id":305,"date":"2024-08-30T13:37:16","date_gmt":"2024-08-30T11:37:16","guid":{"rendered":"https:\/\/foodsciencesweden.se\/lift-forskarskola\/"},"modified":"2025-02-04T23:12:41","modified_gmt":"2025-02-04T22:12:41","slug":"lift-forskarskola","status":"publish","type":"page","link":"https:\/\/foodsciencesweden.se\/sv\/lift-forskarskola\/","title":{"rendered":"LiFT Forskarskola"},"content":{"rendered":"\n<!-- Testimonial Section Start -->\n<div id=\"rs-testimonial\" class=\"rs-testimonial testimonial-style3 pb-120 md-pb-80 image-text\">\n  <div class=\"row no-gutters\">\n          <div class=\"col-lg-6 testi-image\" style=\"background-image:url(https:\/\/foodsciencesweden.se\/wp-content\/uploads\/2025\/02\/fss-chalmers-students.jpg)\"><\/div>\n        <div class=\"col-lg-6\">\n      <div class=\"widget-content\">\n                <div class=\"sec-title mb-40 md-mb-20\">\n          <h2 class=\"title title2\">\n            LiFT &#8211; En forskarutbildning som m\u00f6ter de f\u00f6r\u00e4nderliga kraven fr\u00e5n b\u00e5de marknaden och samh\u00e4llet          <\/h2>\n        <\/div>\n                <div>\n          <div class=\"testi-item\">\n                        <div class=\"testi-content\">\n              <div class=\"testi-information\">\n                                              <\/div>\n            <\/div>\n          <\/div>\n        <\/div>\n      <\/div> <!-- widget content -->\n    <\/div>\n  <\/div>\n<\/div>\n<!-- Testimonial Section End -->\n\n\n\n<div class=\"rs-services-single content-block pb-120 md-pb-80\">\n  <div class=\"container\">\n        <h2>Om LiFT Forskarskola<\/h2>\n<p><strong>Det \u00f6vergripande m\u00e5let med den nationella forskarskolan LiFT \u00e4r att st\u00e4rka den svenska livsmedelsindustrins konkurrenskraft genom att tillhandah\u00e5lla doktorer med vetenskaplig kompetens inom omr\u00e5den viktiga f\u00f6r det svenska samh\u00e4llet och industrin.<\/strong><\/p>\n<p>Den nationella forskarskolan LiFT startade 1997 och \u00e4r en del av Food Science Sweden som samlar doktorander inom livsmedelsvetenskap, livsmedelsteknik och -teknologi, nutrition, ekonomi, jordbruk och h\u00e5llbara livsmedelssystem. LiFT delfinansieras av Livsmedelsf\u00f6retagen.<\/p>\n<h3>Aktiviteter<\/h3>\n<p>LiFT erbjuder \u00e5rliga kurser och workshops med f\u00f6rel\u00e4sare fr\u00e5n b\u00e5de akademi och industri.<\/p>\n<p>F\u00f6r att s\u00e4kerst\u00e4lla industrirelevans har alla kurser utvecklats och uppdaterats kontinuerligt i samarbete med representanter fr\u00e5n den svenska livsmedelsindustrin.<\/p>\n<p>De skr\u00e4ddarsydda kurserna \u00e4r utformade f\u00f6r att komplettera den ordinarie l\u00e4roplanen och behandlar \u00e4mnen som akt\u00f6rer inom livsmedelsindustrin, livsmedelsh\u00e5llbarhet, innovation och entrepren\u00f6rskap, etik och lagstiftning, h\u00e4lsoaspekter i livsmedelsproduktion och marknadsf\u00f6ring, milj\u00f6aspekter av livsmedelsproduktion och sensoriska egenskaper hos livsmedel.<\/p>\n<p>Kontinuerlig kontakt med industrin \u00e4r avg\u00f6rande f\u00f6r att f\u00f6rst\u00e5 industrins utmaningar och t\u00e4nkande inom LiFT forskarskola. Detta uppn\u00e5s genom ett etablerat mentorsprogram d\u00e4r alla studenter f\u00e5r en industriell mentor som de regelbundet tr\u00e4ffar och interagerar med under hela sin doktorandperiod. LiFT organiserar ocks\u00e5 studiebes\u00f6k till svenska och internationella livsmedelsf\u00f6retag\/institut och erbjuder stipendier f\u00f6r deltagande i internationella forskarutbildningskurser eller bes\u00f6k p\u00e5 svenska eller internationella forskningsavdelningar. Detta \u00f6kar studenternas kunskap om nya metoder eller etablerar samarbeten inom olika delprojekt av ett forskningsprogram.<\/p>\n<p>De olika aktiviteterna som organiseras av LiFT st\u00f6djer den viktiga interaktionen mellan akademi och industri och f\u00f6rser dem med kompetens och f\u00e4rdigheter genom v\u00e4lutbildade doktorer som \u00e4r utbildade i framkant av livsmedelsforskning och v\u00e4l f\u00f6rberedda f\u00f6r anst\u00e4llning i f\u00f6retag.<\/p>\n<h3>F\u00f6rdelar f\u00f6r LiFT-doktoranden<\/h3>\n<ul>\n<li>Stark support under hela doktorandstudierna genom n\u00e4ra interaktioner med industrin, inklusive ett personligt mentorsprogram f\u00f6r att underl\u00e4tta professionell och personlig utveckling.<\/li>\n<li>Interaktivt n\u00e4tverk med doktorander inom livsmedelsrelaterade omr\u00e5den \u00f6ver hela Sverige och internationellt.<\/li>\n<li>M\u00e5ngsidigt aktivitetsinneh\u00e5ll f\u00f6r att m\u00f6ta specifika behov hos doktorander.<\/li>\n<li>Verktyg f\u00f6r att f\u00f6rst\u00e5 och kommunicera hur forskning kan gynna samh\u00e4llet.<strong><br \/>\n<\/strong><\/li>\n<\/ul>\n<h3>F\u00f6rdelar f\u00f6r svensk industri<\/h3>\n<ul>\n<li>En plattform f\u00f6r interaktioner, diskussion och spridning av id\u00e9er, vilket leder till etablering av forsknings- och innovationssamarbeten.<\/li>\n<li>F\u00f6rb\u00e4ttrad integration av akademisk forskning i livsmedelsindustrins sektorer, vilket leder till mer effektiv anv\u00e4ndning av forskningsresultat .<\/li>\n<li>M\u00f6jlighet att rekrytera h\u00f6gt kvalificerade yrkesverksamma med forskningskompetens, vilket st\u00f6djer infl\u00f6det av ny kunskap och f\u00e4rdigheter till livsmedelsindustrin i form av doktorer utbildade inom livsmedelsomr\u00e5det och f\u00f6rberedda f\u00f6r anst\u00e4llning i f\u00f6retag.<\/li>\n<\/ul>\n<h3>F\u00f6rdelar f\u00f6r det svenska samh\u00e4llet<\/h3>\n<ul>\n<li>\u00d6kad allm\u00e4n medvetenhet om livsmedel och vetenskap samt tillhandah\u00e5llande av evidensbaserad kunskap i livsmedelsrelaterade fr\u00e5gor.<\/li>\n<li>Ny kunskap leder till v\u00e4lgrundade beslut av individer och organisationer, vilket f\u00f6rb\u00e4ttrar befolkningens och milj\u00f6ns h\u00e4lsa.<\/li>\n<li>Praktiska till\u00e4mpningar av forskning som st\u00f6ds av LiFT \u00f6kar m\u00f6jligheterna till ekonomisk tillv\u00e4xt och v\u00e4lst\u00e5nd.<\/li>\n<li>Bidra med n\u00f6dv\u00e4ndig kunskap f\u00f6r att m\u00f6ta globala utmaningar.<\/li>\n<\/ul>\n<p>Sammanfattningsvis organiserar och st\u00f6djer LiFT aktiviteter som gynnar industrin, akademin och samh\u00e4llet genom att ta forskningen till industrin och bidra till att n\u00e5 de globala m\u00e5len f\u00f6r h\u00e5llbar utveckling.<\/p>\n  <\/div>\n<\/div>\n","protected":false},"excerpt":{"rendered":"","protected":false},"author":2,"featured_media":0,"parent":0,"menu_order":0,"comment_status":"closed","ping_status":"closed","template":"","meta":{"inline_featured_image":false,"footnotes":""},"class_list":["post-305","page","type-page","status-publish","hentry"],"acf":[],"yoast_head":"<!-- This site is optimized with the Yoast SEO plugin v23.6 - https:\/\/yoast.com\/wordpress\/plugins\/seo\/ -->\n<title>LiFT Forskarskola - Food Science Sweden<\/title>\n<meta name=\"description\" content=\"LiFT \u00e4r en nationell forskarskola f\u00f6r doktorander inom livsmedelsvetenskap och relaterade omr\u00e5den, s\u00e5som livsmedelsteknik, nutrition, ekonomi, jordbruk och h\u00e5llbara livsmedelssystem. Det \u00f6vergripande m\u00e5let f\u00f6r forskarskolan \u00e4r att st\u00e4rka den svenska livsmedelsindustrins konkurrenskraft genom att tillhandah\u00e5lla h\u00f6gutbildade doktorander med vetenskaplig kompetens inom omr\u00e5den som \u00e4r viktiga f\u00f6r svenskt samh\u00e4lle och n\u00e4ringsliv. LiFT grundades 1997 och \u00e4r en del av Food Science Sweden och st\u00f6ds ekonomiskt av Livsmedelsf\u00f6retagen.\" \/>\n<meta name=\"robots\" content=\"index, follow, max-snippet:-1, max-image-preview:large, max-video-preview:-1\" \/>\n<link rel=\"canonical\" href=\"https:\/\/foodsciencesweden.se\/sv\/lift-forskarskola\/\" \/>\n<meta property=\"og:locale\" content=\"sv_SE\" \/>\n<meta property=\"og:type\" content=\"article\" \/>\n<meta property=\"og:title\" content=\"LiFT Forskarskola - Food Science Sweden\" \/>\n<meta property=\"og:description\" content=\"LiFT \u00e4r en nationell forskarskola f\u00f6r doktorander inom livsmedelsvetenskap och relaterade omr\u00e5den, s\u00e5som livsmedelsteknik, nutrition, ekonomi, jordbruk och h\u00e5llbara livsmedelssystem. Det \u00f6vergripande m\u00e5let f\u00f6r forskarskolan \u00e4r att st\u00e4rka den svenska livsmedelsindustrins konkurrenskraft genom att tillhandah\u00e5lla h\u00f6gutbildade doktorander med vetenskaplig kompetens inom omr\u00e5den som \u00e4r viktiga f\u00f6r svenskt samh\u00e4lle och n\u00e4ringsliv. LiFT grundades 1997 och \u00e4r en del av Food Science Sweden och st\u00f6ds ekonomiskt av Livsmedelsf\u00f6retagen.\" \/>\n<meta property=\"og:url\" content=\"https:\/\/foodsciencesweden.se\/sv\/lift-forskarskola\/\" \/>\n<meta property=\"og:site_name\" content=\"Food Science Sweden\" \/>\n<meta property=\"article:modified_time\" content=\"2025-02-04T22:12:41+00:00\" \/>\n<meta name=\"twitter:card\" content=\"summary_large_image\" \/>\n<meta name=\"twitter:label1\" content=\"Est. reading time\" \/>\n\t<meta name=\"twitter:data1\" content=\"3 minutes\" \/>\n<script type=\"application\/ld+json\" class=\"yoast-schema-graph\">{\"@context\":\"https:\/\/schema.org\",\"@graph\":[{\"@type\":\"WebPage\",\"@id\":\"https:\/\/foodsciencesweden.se\/sv\/lift-forskarskola\/\",\"url\":\"https:\/\/foodsciencesweden.se\/sv\/lift-forskarskola\/\",\"name\":\"LiFT Forskarskola - Food Science Sweden\",\"isPartOf\":{\"@id\":\"https:\/\/foodsciencesweden.se\/#website\"},\"datePublished\":\"2024-08-30T11:37:16+00:00\",\"dateModified\":\"2025-02-04T22:12:41+00:00\",\"description\":\"LiFT \u00e4r en nationell forskarskola f\u00f6r doktorander inom livsmedelsvetenskap och relaterade omr\u00e5den, s\u00e5som livsmedelsteknik, nutrition, ekonomi, jordbruk och h\u00e5llbara livsmedelssystem. Det \u00f6vergripande m\u00e5let f\u00f6r forskarskolan \u00e4r att st\u00e4rka den svenska livsmedelsindustrins konkurrenskraft genom att tillhandah\u00e5lla h\u00f6gutbildade doktorander med vetenskaplig kompetens inom omr\u00e5den som \u00e4r viktiga f\u00f6r svenskt samh\u00e4lle och n\u00e4ringsliv. LiFT grundades 1997 och \u00e4r en del av Food Science Sweden och st\u00f6ds ekonomiskt av Livsmedelsf\u00f6retagen.\",\"breadcrumb\":{\"@id\":\"https:\/\/foodsciencesweden.se\/sv\/lift-forskarskola\/#breadcrumb\"},\"inLanguage\":\"sv-SE\",\"potentialAction\":[{\"@type\":\"ReadAction\",\"target\":[\"https:\/\/foodsciencesweden.se\/sv\/lift-forskarskola\/\"]}]},{\"@type\":\"BreadcrumbList\",\"@id\":\"https:\/\/foodsciencesweden.se\/sv\/lift-forskarskola\/#breadcrumb\",\"itemListElement\":[{\"@type\":\"ListItem\",\"position\":1,\"name\":\"Home\",\"item\":\"https:\/\/foodsciencesweden.se\/sv\/valkommen-till-food-science-sweden\/\"},{\"@type\":\"ListItem\",\"position\":2,\"name\":\"LiFT Forskarskola\"}]},{\"@type\":\"WebSite\",\"@id\":\"https:\/\/foodsciencesweden.se\/#website\",\"url\":\"https:\/\/foodsciencesweden.se\/\",\"name\":\"Food Science Sweden\",\"description\":\"Chalmers | LTH | RISE | SLU I KTH\",\"publisher\":{\"@id\":\"https:\/\/foodsciencesweden.se\/#organization\"},\"potentialAction\":[{\"@type\":\"SearchAction\",\"target\":{\"@type\":\"EntryPoint\",\"urlTemplate\":\"https:\/\/foodsciencesweden.se\/?s={search_term_string}\"},\"query-input\":{\"@type\":\"PropertyValueSpecification\",\"valueRequired\":true,\"valueName\":\"search_term_string\"}}],\"inLanguage\":\"sv-SE\"},{\"@type\":\"Organization\",\"@id\":\"https:\/\/foodsciencesweden.se\/#organization\",\"name\":\"Food Science Sweden\",\"url\":\"https:\/\/foodsciencesweden.se\/\",\"logo\":{\"@type\":\"ImageObject\",\"inLanguage\":\"sv-SE\",\"@id\":\"https:\/\/foodsciencesweden.se\/#\/schema\/logo\/image\/\",\"url\":\"https:\/\/foodsciencesweden.se\/wp-content\/uploads\/2024\/08\/logo.png\",\"contentUrl\":\"https:\/\/foodsciencesweden.se\/wp-content\/uploads\/2024\/08\/logo.png\",\"width\":1555,\"height\":338,\"caption\":\"Food Science Sweden\"},\"image\":{\"@id\":\"https:\/\/foodsciencesweden.se\/#\/schema\/logo\/image\/\"}}]}<\/script>\n<!-- \/ Yoast SEO plugin. -->","yoast_head_json":{"title":"LiFT Forskarskola - Food Science Sweden","description":"LiFT \u00e4r en nationell forskarskola f\u00f6r doktorander inom livsmedelsvetenskap och relaterade omr\u00e5den, s\u00e5som livsmedelsteknik, nutrition, ekonomi, jordbruk och h\u00e5llbara livsmedelssystem. Det \u00f6vergripande m\u00e5let f\u00f6r forskarskolan \u00e4r att st\u00e4rka den svenska livsmedelsindustrins konkurrenskraft genom att tillhandah\u00e5lla h\u00f6gutbildade doktorander med vetenskaplig kompetens inom omr\u00e5den som \u00e4r viktiga f\u00f6r svenskt samh\u00e4lle och n\u00e4ringsliv. LiFT grundades 1997 och \u00e4r en del av Food Science Sweden och st\u00f6ds ekonomiskt av Livsmedelsf\u00f6retagen.","robots":{"index":"index","follow":"follow","max-snippet":"max-snippet:-1","max-image-preview":"max-image-preview:large","max-video-preview":"max-video-preview:-1"},"canonical":"https:\/\/foodsciencesweden.se\/sv\/lift-forskarskola\/","og_locale":"sv_SE","og_type":"article","og_title":"LiFT Forskarskola - Food Science Sweden","og_description":"LiFT \u00e4r en nationell forskarskola f\u00f6r doktorander inom livsmedelsvetenskap och relaterade omr\u00e5den, s\u00e5som livsmedelsteknik, nutrition, ekonomi, jordbruk och h\u00e5llbara livsmedelssystem. Det \u00f6vergripande m\u00e5let f\u00f6r forskarskolan \u00e4r att st\u00e4rka den svenska livsmedelsindustrins konkurrenskraft genom att tillhandah\u00e5lla h\u00f6gutbildade doktorander med vetenskaplig kompetens inom omr\u00e5den som \u00e4r viktiga f\u00f6r svenskt samh\u00e4lle och n\u00e4ringsliv. LiFT grundades 1997 och \u00e4r en del av Food Science Sweden och st\u00f6ds ekonomiskt av Livsmedelsf\u00f6retagen.","og_url":"https:\/\/foodsciencesweden.se\/sv\/lift-forskarskola\/","og_site_name":"Food Science Sweden","article_modified_time":"2025-02-04T22:12:41+00:00","twitter_card":"summary_large_image","twitter_misc":{"Est. reading time":"3 minutes"},"schema":{"@context":"https:\/\/schema.org","@graph":[{"@type":"WebPage","@id":"https:\/\/foodsciencesweden.se\/sv\/lift-forskarskola\/","url":"https:\/\/foodsciencesweden.se\/sv\/lift-forskarskola\/","name":"LiFT Forskarskola - Food Science Sweden","isPartOf":{"@id":"https:\/\/foodsciencesweden.se\/#website"},"datePublished":"2024-08-30T11:37:16+00:00","dateModified":"2025-02-04T22:12:41+00:00","description":"LiFT \u00e4r en nationell forskarskola f\u00f6r doktorander inom livsmedelsvetenskap och relaterade omr\u00e5den, s\u00e5som livsmedelsteknik, nutrition, ekonomi, jordbruk och h\u00e5llbara livsmedelssystem. Det \u00f6vergripande m\u00e5let f\u00f6r forskarskolan \u00e4r att st\u00e4rka den svenska livsmedelsindustrins konkurrenskraft genom att tillhandah\u00e5lla h\u00f6gutbildade doktorander med vetenskaplig kompetens inom omr\u00e5den som \u00e4r viktiga f\u00f6r svenskt samh\u00e4lle och n\u00e4ringsliv. LiFT grundades 1997 och \u00e4r en del av Food Science Sweden och st\u00f6ds ekonomiskt av Livsmedelsf\u00f6retagen.","breadcrumb":{"@id":"https:\/\/foodsciencesweden.se\/sv\/lift-forskarskola\/#breadcrumb"},"inLanguage":"sv-SE","potentialAction":[{"@type":"ReadAction","target":["https:\/\/foodsciencesweden.se\/sv\/lift-forskarskola\/"]}]},{"@type":"BreadcrumbList","@id":"https:\/\/foodsciencesweden.se\/sv\/lift-forskarskola\/#breadcrumb","itemListElement":[{"@type":"ListItem","position":1,"name":"Home","item":"https:\/\/foodsciencesweden.se\/sv\/valkommen-till-food-science-sweden\/"},{"@type":"ListItem","position":2,"name":"LiFT Forskarskola"}]},{"@type":"WebSite","@id":"https:\/\/foodsciencesweden.se\/#website","url":"https:\/\/foodsciencesweden.se\/","name":"Food Science Sweden","description":"Chalmers | LTH | RISE | SLU I KTH","publisher":{"@id":"https:\/\/foodsciencesweden.se\/#organization"},"potentialAction":[{"@type":"SearchAction","target":{"@type":"EntryPoint","urlTemplate":"https:\/\/foodsciencesweden.se\/?s={search_term_string}"},"query-input":{"@type":"PropertyValueSpecification","valueRequired":true,"valueName":"search_term_string"}}],"inLanguage":"sv-SE"},{"@type":"Organization","@id":"https:\/\/foodsciencesweden.se\/#organization","name":"Food Science Sweden","url":"https:\/\/foodsciencesweden.se\/","logo":{"@type":"ImageObject","inLanguage":"sv-SE","@id":"https:\/\/foodsciencesweden.se\/#\/schema\/logo\/image\/","url":"https:\/\/foodsciencesweden.se\/wp-content\/uploads\/2024\/08\/logo.png","contentUrl":"https:\/\/foodsciencesweden.se\/wp-content\/uploads\/2024\/08\/logo.png","width":1555,"height":338,"caption":"Food Science Sweden"},"image":{"@id":"https:\/\/foodsciencesweden.se\/#\/schema\/logo\/image\/"}}]}},"_links":{"self":[{"href":"https:\/\/foodsciencesweden.se\/sv\/wp-json\/wp\/v2\/pages\/305","targetHints":{"allow":["GET"]}}],"collection":[{"href":"https:\/\/foodsciencesweden.se\/sv\/wp-json\/wp\/v2\/pages"}],"about":[{"href":"https:\/\/foodsciencesweden.se\/sv\/wp-json\/wp\/v2\/types\/page"}],"author":[{"embeddable":true,"href":"https:\/\/foodsciencesweden.se\/sv\/wp-json\/wp\/v2\/users\/2"}],"replies":[{"embeddable":true,"href":"https:\/\/foodsciencesweden.se\/sv\/wp-json\/wp\/v2\/comments?post=305"}],"version-history":[{"count":38,"href":"https:\/\/foodsciencesweden.se\/sv\/wp-json\/wp\/v2\/pages\/305\/revisions"}],"predecessor-version":[{"id":2043,"href":"https:\/\/foodsciencesweden.se\/sv\/wp-json\/wp\/v2\/pages\/305\/revisions\/2043"}],"wp:attachment":[{"href":"https:\/\/foodsciencesweden.se\/sv\/wp-json\/wp\/v2\/media?parent=305"}],"curies":[{"name":"wp","href":"https:\/\/api.w.org\/{rel}","templated":true}]}}