{"id":300,"date":"2024-08-29T16:42:56","date_gmt":"2024-08-29T14:42:56","guid":{"rendered":"https:\/\/foodsciencesweden.se\/hem\/"},"modified":"2026-03-10T14:15:34","modified_gmt":"2026-03-10T13:15:34","slug":"valkommen-till-food-science-sweden","status":"publish","type":"page","link":"https:\/\/foodsciencesweden.se\/sv\/","title":{"rendered":"Hem"},"content":{"rendered":"\n<!-- Banner Start -->\n<div class=\"rs-banner banner-style1 mb-120 md-mb-80\" style=\"background-image:url(https:\/\/foodsciencesweden.se\/wp-content\/uploads\/2024\/11\/adobestock-137326268-scaled.jpeg)\">\n  <div class=\"container\">\n    <div class=\"row\">\n      <div class=\"col-lg-6\">\n        <div class=\"content-wrap\">\n                    <h1 class=\"title\">V\u00e5r mission &#8211; Att st\u00e4rka och synligg\u00f6ra svensk livsmedelsforskning<\/h1>\n                              <p class=\"description\">\n            V\u00e4lkommen till Food Science Sweden, en nationell plattform dedikerad till att fr\u00e4mja och visa upp svensk livsmedelsvetenskaplig forskning. Utforska v\u00e5ra samarbeten, forskarutbildningar och innovativa projekt som syftar till att omvandla livsmedelssystemet f\u00f6r en h\u00e5llbar framtid.          <\/p>\n                                <div class=\"banner-btn mt-40 md-mt-25\">\n                <a class=\"readon slide-started\" href=\"https:\/\/foodsciencesweden.se\/sv\/om-foodsciencesweden\/\" target=\"_self\"><span>L\u00e4s mer om Food Science Sweden<\/span><\/a>\n            <\/div>\n                    <div class=\"banner-box banner-boxs\"><\/div>\n        <\/div>\n      <\/div>\n    <\/div>\n  <\/div>\n<\/div>\n<!-- Banner End -->\n\n\n\n<!-- Blog Section Start -->\n<div id=\"rs-blog\" class=\"rs-blog blog-style1 pb-120 md-pb-80\">\n    <div class=\"container\">\n                <div class=\"sec-title text-center mb-50\">\n          <h2 class=\"title title title2 title-color\">\n            Senaste nyhetsartiklarna &#038; v\u00e5ra insikter          <\/h2>\n        <\/div>\n                <div class=\"row\">\n          <div class=\"col-lg-6 md-mb-50\">\n                          <div class=\"blog-item\">\n                  <div class=\"image-wrap\">\n                      <a href=\"https:\/\/foodsciencesweden.se\/sv\/2026\/05\/05\/microbial-foods-conference-sv-2026\/\"><img decoding=\"async\" width=\"850\" height=\"601\" src=\"https:\/\/foodsciencesweden.se\/wp-content\/uploads\/2026\/05\/Screenshot-2026-04-15-at-20.11.12.jpg\" class=\"attachment-post-thumbnail size-post-thumbnail wp-post-image\" alt=\"\" srcset=\"https:\/\/foodsciencesweden.se\/wp-content\/uploads\/2026\/05\/Screenshot-2026-04-15-at-20.11.12.jpg 850w, https:\/\/foodsciencesweden.se\/wp-content\/uploads\/2026\/05\/Screenshot-2026-04-15-at-20.11.12-300x212.jpg 300w, https:\/\/foodsciencesweden.se\/wp-content\/uploads\/2026\/05\/Screenshot-2026-04-15-at-20.11.12-768x543.jpg 768w\" sizes=\"(max-width: 850px) 100vw, 850px\" \/><\/a>\n                  <\/div>\n                  <div class=\"blog-content\">\n                    <ul class=\"blog-meta\">\n                            <li class=\"admin\"><i class=\"fi  fi-rr-user\"><\/i>PetraF<\/li>\n                              <li class=\"date\"><i class=\"fi fi-rr-calendar\"><\/i>5 May 2026<\/li>\n                          <\/ul>\n                      <h3 class=\"blog-title\"><a href=\"https:\/\/foodsciencesweden.se\/sv\/2026\/05\/05\/microbial-foods-conference-sv-2026\/\">Microbial Foods Conference \u2013 m\u00f6tesplatsen f\u00f6r framtidens proteinl\u00f6sningar<\/a><\/h3>\n                      <div class=\"desc\"><p>Hur kan mikroorganismer och precisionsfermentering bidra till ett mer h\u00e5llbart matsystem? Den 21 maj 2026 samlas ledande forskare, innovat\u00f6rer och industrirepresentanter p\u00e5 KTH i Stockholm f\u00f6r The Microbial Foods Conference.<\/p>\n<\/div>\n                      <div class=\"blog-button\"><a href=\"https:\/\/foodsciencesweden.se\/sv\/2026\/05\/05\/microbial-foods-conference-sv-2026\/\">L\u00e4s mer<\/a><\/div>\n                  <\/div>\n              <\/div>\n                        <\/div>\n          <div class=\"col-lg-6\">\n              <div class=\"blog-horizontal\">\n                              <div class=\"blog-meta mb-30\">\n                    <div class=\"blog-item-wrap\">\n                          <div class=\"image-wrap\">\n                              <a href=\"https:\/\/foodsciencesweden.se\/sv\/2026\/03\/10\/registration-open-the-food-sweden-conference-2026\/\"><img decoding=\"async\" width=\"1600\" height=\"1200\" src=\"https:\/\/foodsciencesweden.se\/wp-content\/uploads\/2026\/03\/Header-FSS-Conference-in-Lund-2026_AI-Generated-Registration-form.jpg\" class=\"attachment-post-thumbnail size-post-thumbnail wp-post-image\" alt=\"\" srcset=\"https:\/\/foodsciencesweden.se\/wp-content\/uploads\/2026\/03\/Header-FSS-Conference-in-Lund-2026_AI-Generated-Registration-form.jpg 1600w, https:\/\/foodsciencesweden.se\/wp-content\/uploads\/2026\/03\/Header-FSS-Conference-in-Lund-2026_AI-Generated-Registration-form-300x225.jpg 300w, https:\/\/foodsciencesweden.se\/wp-content\/uploads\/2026\/03\/Header-FSS-Conference-in-Lund-2026_AI-Generated-Registration-form-1024x768.jpg 1024w, https:\/\/foodsciencesweden.se\/wp-content\/uploads\/2026\/03\/Header-FSS-Conference-in-Lund-2026_AI-Generated-Registration-form-768x576.jpg 768w, https:\/\/foodsciencesweden.se\/wp-content\/uploads\/2026\/03\/Header-FSS-Conference-in-Lund-2026_AI-Generated-Registration-form-1536x1152.jpg 1536w\" sizes=\"(max-width: 1600px) 100vw, 1600px\" \/><\/a>\n                          <\/div>\n                          <div class=\"blog-content\">\n                            <ul class=\"blog-meta\">\n                                    <li class=\"admin\"><i class=\"fi  fi-rr-user\"><\/i>PetraF<\/li>\n                                      <li class=\"date\"><i class=\"fi fi-rr-calendar\"><\/i>10 March 2026<\/li>\n                                  <\/ul>\n                              <h3 class=\"blog-title\"><a href=\"https:\/\/foodsciencesweden.se\/sv\/2026\/03\/10\/registration-open-the-food-sweden-conference-2026\/\">Food Swedens konferens 2026<\/a><\/h3>\n                          <\/div>\n                    <\/div>\n                <\/div>\n                                <div class=\"blog-meta mb-30\">\n                    <div class=\"blog-item-wrap\">\n                          <div class=\"image-wrap\">\n                              <a href=\"https:\/\/foodsciencesweden.se\/sv\/2026\/01\/10\/fss-fokuserar-pa-framtidens-hallbara-och-halsosamma-livsmedelssystem\/\"><img decoding=\"async\" width=\"2560\" height=\"1709\" src=\"https:\/\/foodsciencesweden.se\/wp-content\/uploads\/2025\/02\/adobestock-193210298-scaled.jpeg\" class=\"attachment-post-thumbnail size-post-thumbnail wp-post-image\" alt=\"Fresh cabbage in the farm\" srcset=\"https:\/\/foodsciencesweden.se\/wp-content\/uploads\/2025\/02\/adobestock-193210298-scaled.jpeg 2560w, https:\/\/foodsciencesweden.se\/wp-content\/uploads\/2025\/02\/adobestock-193210298-300x200.jpeg 300w, https:\/\/foodsciencesweden.se\/wp-content\/uploads\/2025\/02\/adobestock-193210298-1024x683.jpeg 1024w, https:\/\/foodsciencesweden.se\/wp-content\/uploads\/2025\/02\/adobestock-193210298-768x513.jpeg 768w, https:\/\/foodsciencesweden.se\/wp-content\/uploads\/2025\/02\/adobestock-193210298-1536x1025.jpeg 1536w, https:\/\/foodsciencesweden.se\/wp-content\/uploads\/2025\/02\/adobestock-193210298-2048x1367.jpeg 2048w\" sizes=\"(max-width: 2560px) 100vw, 2560px\" \/><\/a>\n                          <\/div>\n                          <div class=\"blog-content\">\n                            <ul class=\"blog-meta\">\n                                    <li class=\"admin\"><i class=\"fi  fi-rr-user\"><\/i>PetraF<\/li>\n                                      <li class=\"date\"><i class=\"fi fi-rr-calendar\"><\/i>10 January 2026<\/li>\n                                  <\/ul>\n                              <h3 class=\"blog-title\"><a href=\"https:\/\/foodsciencesweden.se\/sv\/2026\/01\/10\/fss-fokuserar-pa-framtidens-hallbara-och-halsosamma-livsmedelssystem\/\">Food Science Sweden fokuserar p\u00e5 framtidens h\u00e5llbara och h\u00e4lsosamma livsmedelssystem<\/a><\/h3>\n                          <\/div>\n                    <\/div>\n                <\/div>\n                                <div class=\"blog-meta mb-30\">\n                    <div class=\"blog-item-wrap\">\n                          <div class=\"image-wrap\">\n                              <a href=\"https:\/\/foodsciencesweden.se\/sv\/2025\/11\/13\/lift-forskarskolan-som-formar-framtidens-experter-inom-livsmedelsforskning\/\"><img decoding=\"async\" width=\"1920\" height=\"1080\" src=\"https:\/\/foodsciencesweden.se\/wp-content\/uploads\/2025\/02\/fss-chalmers-students.jpg\" class=\"attachment-post-thumbnail size-post-thumbnail wp-post-image\" alt=\"\" srcset=\"https:\/\/foodsciencesweden.se\/wp-content\/uploads\/2025\/02\/fss-chalmers-students.jpg 1920w, https:\/\/foodsciencesweden.se\/wp-content\/uploads\/2025\/02\/fss-chalmers-students-300x169.jpg 300w, https:\/\/foodsciencesweden.se\/wp-content\/uploads\/2025\/02\/fss-chalmers-students-1024x576.jpg 1024w, https:\/\/foodsciencesweden.se\/wp-content\/uploads\/2025\/02\/fss-chalmers-students-768x432.jpg 768w, https:\/\/foodsciencesweden.se\/wp-content\/uploads\/2025\/02\/fss-chalmers-students-1536x864.jpg 1536w\" sizes=\"(max-width: 1920px) 100vw, 1920px\" \/><\/a>\n                          <\/div>\n                          <div class=\"blog-content\">\n                            <ul class=\"blog-meta\">\n                                    <li class=\"admin\"><i class=\"fi  fi-rr-user\"><\/i>PetraF<\/li>\n                                      <li class=\"date\"><i class=\"fi fi-rr-calendar\"><\/i>13 November 2025<\/li>\n                                  <\/ul>\n                              <h3 class=\"blog-title\"><a href=\"https:\/\/foodsciencesweden.se\/sv\/2025\/11\/13\/lift-forskarskolan-som-formar-framtidens-experter-inom-livsmedelsforskning\/\">LiFT \u2013 forskarskolan som formar framtidens experter inom livsmedelsforskning<\/a><\/h3>\n                          <\/div>\n                    <\/div>\n                <\/div>\n                              <\/div>\n          <\/div>\n        <\/div>\n    <\/div>\n<\/div>\n<!-- Blog Section End -->\n\n\n\n<!-- Call To Action Choose Start -->\n<div class=\"rs-cta pb-120 md-pb-80\">\n  <div class=\"container\">\n    <div class=\"call-action bg1 wow fadeInUp\" style=\"background-image:url(https:\/\/foodsciencesweden.se\/wp-content\/uploads\/2025\/02\/adobestock-193210298-scaled.jpeg)\" data-wow-duration=\"1.5s\" data-wow-delay=\"0s\">\n      <div class=\"sec-title\">\n                        <h2 class=\"title title2 pb-28\">Forskning som syftar till att skapa en mer h\u00e5llbar och h\u00e4lsosam livsmedelskedja genom innovation och l\u00e5ngsiktig h\u00e5llbarhet.<\/h1>\n                          <div class=\"btn-part\">\n              <a class=\"readon slide-started join\" href=\"https:\/\/foodsciencesweden.se\/sv\/om-foodsciencesweden\/fokusomraden\/\" target=\"_self\"><span>L\u00e4s om Food Science Swedens fokusomr\u00e5den<\/span><\/a>\n          <\/div>\n              <\/div>\n    <\/div>\n  <\/div>\n<\/div>\n<!-- Call To Action Choose End -->\n\n\n\n\n<div class=\"two-column-content rs-skillbar skillbar-style1 bg13 pt-120 pb-170 md-pt-80\">\n  <div class=\"container\">\n    <div class=\"row image-text\">\n      <div class=\"col-lg-6 md-mb-50\">\n        <div class=\"sec-title mb-40 md-mb-25\">\n                      <h2 class=\"title pb-20\">\n              23:e april 2026 \u2013 Food Science Sweden Konferens i Lund            <\/h2>\n                                <p class=\"title pb-20\">Det svenska livsmedelssystemet st\u00e5r inf\u00f6r betydande utmaningar kopplade till processad mat. Food Science Sweden Conference 2026 i Lund lyfter fram vilken roll forskning om processad mat spelar f\u00f6r att forma ett mer h\u00e4lsosamt och h\u00e5llbart matsystem, i en tid d\u00e5 diskussionerna om h\u00f6gprocessade livsmedel \u00f6kar.<\/p>\n                  <\/div>\n                  <div class=\"cl-skill-bar pr-100 md-pr-15\">\n            <div class=\"btn-part mt-55 md-mt-35\">\n              <a class=\"readon details contact\" href=\"https:\/\/foodsciencesweden.se\/events\/the-food-science-sweden-conference-2026\/\">L\u00e4s mer om Food Science Swedens konferens 2026<\/a>\n            <\/div>\n          <\/div>\n              <\/div>\n      <div class=\"col-lg-6\">\n        <div class=\"skillbar-img wow fadeInRight\" data-wow-duration=\"1.5s\" data-wow-delay=\"0s\">\n          <img decoding=\"async\" width=\"1600\" height=\"1200\" src=\"https:\/\/foodsciencesweden.se\/wp-content\/uploads\/2026\/03\/Header-FSS-Conference-in-Lund-2026_AI-Generated-Registration-form.jpg\" class=\"attachment-full size-full\" alt=\"\" srcset=\"https:\/\/foodsciencesweden.se\/wp-content\/uploads\/2026\/03\/Header-FSS-Conference-in-Lund-2026_AI-Generated-Registration-form.jpg 1600w, https:\/\/foodsciencesweden.se\/wp-content\/uploads\/2026\/03\/Header-FSS-Conference-in-Lund-2026_AI-Generated-Registration-form-300x225.jpg 300w, https:\/\/foodsciencesweden.se\/wp-content\/uploads\/2026\/03\/Header-FSS-Conference-in-Lund-2026_AI-Generated-Registration-form-1024x768.jpg 1024w, https:\/\/foodsciencesweden.se\/wp-content\/uploads\/2026\/03\/Header-FSS-Conference-in-Lund-2026_AI-Generated-Registration-form-768x576.jpg 768w, https:\/\/foodsciencesweden.se\/wp-content\/uploads\/2026\/03\/Header-FSS-Conference-in-Lund-2026_AI-Generated-Registration-form-1536x1152.jpg 1536w\" sizes=\"(max-width: 1600px) 100vw, 1600px\" \/>        <\/div>\n      <\/div>\n    <\/div>\n  <\/div>\n<\/div>\n\n\n\n<div class=\"two-column-content rs-skillbar skillbar-style1 bg13 pt-120 pb-170 md-pt-80\">\n  <div class=\"container\">\n    <div class=\"row text-image\">\n      <div class=\"col-lg-6 md-mb-50\">\n        <div class=\"sec-title mb-40 md-mb-25\">\n                      <h2 class=\"title pb-20\">\n              LiFT Graduate School            <\/h2>\n                                <p>LiFT erbjuder \u00e5rliga kurser och workshops med f\u00f6rel\u00e4sare fr\u00e5n b\u00e5de akademi och industri. F\u00f6r att s\u00e4kerst\u00e4lla industriell relevans har alla kurser utvecklats och kontinuerligt uppdaterats i samarbete med representanter fr\u00e5n den svenska livsmedelsindustrin. De skr\u00e4ddarsydda kurserna \u00e4r utformade f\u00f6r att komplettera den ordinarie l\u00e4roplanen och t\u00e4cker \u00e4mnen som akt\u00f6rer inom livsmedelsindustrin, livsmedelsh\u00e5llbarhet, innovation och entrepren\u00f6rskap, etik och lagstiftning, h\u00e4lsoaspekter av livsmedelsproduktion och marknadsf\u00f6ring, milj\u00f6aspekter av livsmedelsproduktion och sensoriska egenskaper hos livsmedel.<\/p>\n                  <\/div>\n                  <div class=\"cl-skill-bar pr-100 md-pr-15\">\n            <div class=\"btn-part mt-55 md-mt-35\">\n              <a class=\"readon details contact\" href=\"https:\/\/foodsciencesweden.se\/sv\/lift-forskarskola\/\">L\u00e4s mer om LiFT forskarskola<\/a>\n            <\/div>\n          <\/div>\n              <\/div>\n      <div class=\"col-lg-6\">\n        <div class=\"skillbar-img wow fadeInRight\" data-wow-duration=\"1.5s\" data-wow-delay=\"0s\">\n          <img decoding=\"async\" width=\"1920\" height=\"1080\" src=\"https:\/\/foodsciencesweden.se\/wp-content\/uploads\/2025\/02\/fss-kth-library-1.jpg\" class=\"attachment-full size-full\" alt=\"\" srcset=\"https:\/\/foodsciencesweden.se\/wp-content\/uploads\/2025\/02\/fss-kth-library-1.jpg 1920w, https:\/\/foodsciencesweden.se\/wp-content\/uploads\/2025\/02\/fss-kth-library-1-300x169.jpg 300w, https:\/\/foodsciencesweden.se\/wp-content\/uploads\/2025\/02\/fss-kth-library-1-1024x576.jpg 1024w, https:\/\/foodsciencesweden.se\/wp-content\/uploads\/2025\/02\/fss-kth-library-1-768x432.jpg 768w, https:\/\/foodsciencesweden.se\/wp-content\/uploads\/2025\/02\/fss-kth-library-1-1536x864.jpg 1536w\" sizes=\"(max-width: 1920px) 100vw, 1920px\" \/>        <\/div>\n      <\/div>\n    <\/div>\n  <\/div>\n<\/div>\n\n\n\n<div class=\"two-column-content rs-skillbar skillbar-style1 bg13 pt-120 pb-170 md-pt-80\">\n  <div class=\"container\">\n    <div class=\"row image-text\">\n      <div class=\"col-lg-6 md-mb-50\">\n        <div class=\"sec-title mb-40 md-mb-25\">\n                      <h2 class=\"title pb-20\">\n              Samarbete            <\/h2>\n                                <p>Vi str\u00e4var efter nationellt samarbete f\u00f6r svensk livsmedelsvetenskaplig forskning f\u00f6r att uppn\u00e5 kritisk massa och excellens, vilket \u00f6kar p\u00e5verkan, synligheten och inflytandet av svensk livsmedelsvetenskaplig kompetens genom \u00f6kat samarbete mellan organisationer. En nationell samarbetsplattform f\u00f6r livsmedelsforskning \u00e4r n\u00f6dv\u00e4ndig f\u00f6r att n\u00e5 kritisk massa och excellens. Detta kr\u00e4vs f\u00f6r att svensk livsmedelsforskning ska vara attraktiv f\u00f6r internationella initiativ, men ocks\u00e5 f\u00f6r att m\u00f6ta framtida nationella utmaningar och behov.<\/p>\n                  <\/div>\n                  <div class=\"cl-skill-bar pr-100 md-pr-15\">\n            <div class=\"btn-part mt-55 md-mt-35\">\n              <a class=\"readon details contact\" href=\"https:\/\/foodsciencesweden.se\/sv\/samarbete\/\">L\u00e4s mer om hur vi samarbetar med livsmedelsindustrin<\/a>\n            <\/div>\n          <\/div>\n              <\/div>\n      <div class=\"col-lg-6\">\n        <div class=\"skillbar-img wow fadeInRight\" data-wow-duration=\"1.5s\" data-wow-delay=\"0s\">\n          <img decoding=\"async\" width=\"2560\" height=\"1707\" src=\"https:\/\/foodsciencesweden.se\/wp-content\/uploads\/2024\/11\/adobestock-707699718-scaled.jpeg\" class=\"attachment-full size-full\" alt=\"Food Science Sweden aim for national collaboration for Swedish food science research to achieve critical mass and excellence.\" srcset=\"https:\/\/foodsciencesweden.se\/wp-content\/uploads\/2024\/11\/adobestock-707699718-scaled.jpeg 2560w, https:\/\/foodsciencesweden.se\/wp-content\/uploads\/2024\/11\/adobestock-707699718-300x200.jpeg 300w, https:\/\/foodsciencesweden.se\/wp-content\/uploads\/2024\/11\/adobestock-707699718-1024x683.jpeg 1024w, https:\/\/foodsciencesweden.se\/wp-content\/uploads\/2024\/11\/adobestock-707699718-768x512.jpeg 768w, https:\/\/foodsciencesweden.se\/wp-content\/uploads\/2024\/11\/adobestock-707699718-1536x1024.jpeg 1536w, https:\/\/foodsciencesweden.se\/wp-content\/uploads\/2024\/11\/adobestock-707699718-2048x1365.jpeg 2048w\" sizes=\"(max-width: 2560px) 100vw, 2560px\" \/>        <\/div>\n      <\/div>\n    <\/div>\n  <\/div>\n<\/div>\n","protected":false},"excerpt":{"rendered":"","protected":false},"author":2,"featured_media":0,"parent":0,"menu_order":0,"comment_status":"closed","ping_status":"closed","template":"","meta":{"inline_featured_image":false,"footnotes":""},"class_list":["post-300","page","type-page","status-publish","hentry"],"acf":[],"yoast_head":"<!-- This site is optimized with the Yoast SEO plugin v23.6 - https:\/\/yoast.com\/wordpress\/plugins\/seo\/ -->\n<title>Food Science Sweden<\/title>\n<meta name=\"description\" content=\"V\u00e4lkommen till Food Science Sweden, en plattform som samlar Sveriges fr\u00e4msta experter inom livsmedelsforskning f\u00f6r att synligg\u00f6ra svensk livsmedelsforskning, nationellt och globalt.\" \/>\n<meta name=\"robots\" content=\"index, follow, max-snippet:-1, max-image-preview:large, max-video-preview:-1\" \/>\n<link rel=\"canonical\" href=\"https:\/\/foodsciencesweden.se\/sv\/valkommen-till-food-science-sweden\/\" \/>\n<meta property=\"og:locale\" content=\"sv_SE\" \/>\n<meta property=\"og:type\" content=\"article\" \/>\n<meta property=\"og:title\" content=\"Food Science Sweden\" \/>\n<meta property=\"og:description\" content=\"V\u00e4lkommen till Food Science Sweden, en plattform som samlar Sveriges fr\u00e4msta experter inom livsmedelsforskning f\u00f6r att synligg\u00f6ra svensk livsmedelsforskning, nationellt och globalt.\" \/>\n<meta property=\"og:url\" content=\"https:\/\/foodsciencesweden.se\/sv\/valkommen-till-food-science-sweden\/\" \/>\n<meta property=\"og:site_name\" content=\"Food Science Sweden\" \/>\n<meta property=\"article:modified_time\" content=\"2026-03-10T13:15:34+00:00\" \/>\n<meta name=\"twitter:card\" content=\"summary_large_image\" \/>\n<meta name=\"twitter:label1\" content=\"Est. reading time\" \/>\n\t<meta name=\"twitter:data1\" content=\"3 minutes\" \/>\n<script type=\"application\/ld+json\" class=\"yoast-schema-graph\">{\"@context\":\"https:\/\/schema.org\",\"@graph\":[{\"@type\":\"WebPage\",\"@id\":\"https:\/\/foodsciencesweden.se\/sv\/valkommen-till-food-science-sweden\/\",\"url\":\"https:\/\/foodsciencesweden.se\/sv\/valkommen-till-food-science-sweden\/\",\"name\":\"Food Science Sweden\",\"isPartOf\":{\"@id\":\"https:\/\/foodsciencesweden.se\/#website\"},\"datePublished\":\"2024-08-29T14:42:56+00:00\",\"dateModified\":\"2026-03-10T13:15:34+00:00\",\"description\":\"V\u00e4lkommen till Food Science Sweden, en plattform som samlar Sveriges fr\u00e4msta experter inom livsmedelsforskning f\u00f6r att synligg\u00f6ra svensk livsmedelsforskning, nationellt och globalt.\",\"breadcrumb\":{\"@id\":\"https:\/\/foodsciencesweden.se\/sv\/valkommen-till-food-science-sweden\/#breadcrumb\"},\"inLanguage\":\"sv-SE\",\"potentialAction\":[{\"@type\":\"ReadAction\",\"target\":[\"https:\/\/foodsciencesweden.se\/sv\/valkommen-till-food-science-sweden\/\"]}]},{\"@type\":\"BreadcrumbList\",\"@id\":\"https:\/\/foodsciencesweden.se\/sv\/valkommen-till-food-science-sweden\/#breadcrumb\",\"itemListElement\":[{\"@type\":\"ListItem\",\"position\":1,\"name\":\"Home\",\"item\":\"https:\/\/foodsciencesweden.se\/sv\/valkommen-till-food-science-sweden\/\"},{\"@type\":\"ListItem\",\"position\":2,\"name\":\"Hem\"}]},{\"@type\":\"WebSite\",\"@id\":\"https:\/\/foodsciencesweden.se\/#website\",\"url\":\"https:\/\/foodsciencesweden.se\/\",\"name\":\"Food Science Sweden\",\"description\":\"Chalmers | LTH | RISE | SLU I KTH\",\"publisher\":{\"@id\":\"https:\/\/foodsciencesweden.se\/#organization\"},\"potentialAction\":[{\"@type\":\"SearchAction\",\"target\":{\"@type\":\"EntryPoint\",\"urlTemplate\":\"https:\/\/foodsciencesweden.se\/?s={search_term_string}\"},\"query-input\":{\"@type\":\"PropertyValueSpecification\",\"valueRequired\":true,\"valueName\":\"search_term_string\"}}],\"inLanguage\":\"sv-SE\"},{\"@type\":\"Organization\",\"@id\":\"https:\/\/foodsciencesweden.se\/#organization\",\"name\":\"Food Science Sweden\",\"url\":\"https:\/\/foodsciencesweden.se\/\",\"logo\":{\"@type\":\"ImageObject\",\"inLanguage\":\"sv-SE\",\"@id\":\"https:\/\/foodsciencesweden.se\/#\/schema\/logo\/image\/\",\"url\":\"https:\/\/foodsciencesweden.se\/wp-content\/uploads\/2024\/08\/logo.png\",\"contentUrl\":\"https:\/\/foodsciencesweden.se\/wp-content\/uploads\/2024\/08\/logo.png\",\"width\":1555,\"height\":338,\"caption\":\"Food Science Sweden\"},\"image\":{\"@id\":\"https:\/\/foodsciencesweden.se\/#\/schema\/logo\/image\/\"}}]}<\/script>\n<!-- \/ Yoast SEO plugin. -->","yoast_head_json":{"title":"Food Science Sweden","description":"V\u00e4lkommen till Food Science Sweden, en plattform som samlar Sveriges fr\u00e4msta experter inom livsmedelsforskning f\u00f6r att synligg\u00f6ra svensk livsmedelsforskning, nationellt och globalt.","robots":{"index":"index","follow":"follow","max-snippet":"max-snippet:-1","max-image-preview":"max-image-preview:large","max-video-preview":"max-video-preview:-1"},"canonical":"https:\/\/foodsciencesweden.se\/sv\/valkommen-till-food-science-sweden\/","og_locale":"sv_SE","og_type":"article","og_title":"Food Science Sweden","og_description":"V\u00e4lkommen till Food Science Sweden, en plattform som samlar Sveriges fr\u00e4msta experter inom livsmedelsforskning f\u00f6r att synligg\u00f6ra svensk livsmedelsforskning, nationellt och globalt.","og_url":"https:\/\/foodsciencesweden.se\/sv\/valkommen-till-food-science-sweden\/","og_site_name":"Food Science Sweden","article_modified_time":"2026-03-10T13:15:34+00:00","twitter_card":"summary_large_image","twitter_misc":{"Est. reading time":"3 minutes"},"schema":{"@context":"https:\/\/schema.org","@graph":[{"@type":"WebPage","@id":"https:\/\/foodsciencesweden.se\/sv\/valkommen-till-food-science-sweden\/","url":"https:\/\/foodsciencesweden.se\/sv\/valkommen-till-food-science-sweden\/","name":"Food Science Sweden","isPartOf":{"@id":"https:\/\/foodsciencesweden.se\/#website"},"datePublished":"2024-08-29T14:42:56+00:00","dateModified":"2026-03-10T13:15:34+00:00","description":"V\u00e4lkommen till Food Science Sweden, en plattform som samlar Sveriges fr\u00e4msta experter inom livsmedelsforskning f\u00f6r att synligg\u00f6ra svensk livsmedelsforskning, nationellt och globalt.","breadcrumb":{"@id":"https:\/\/foodsciencesweden.se\/sv\/valkommen-till-food-science-sweden\/#breadcrumb"},"inLanguage":"sv-SE","potentialAction":[{"@type":"ReadAction","target":["https:\/\/foodsciencesweden.se\/sv\/valkommen-till-food-science-sweden\/"]}]},{"@type":"BreadcrumbList","@id":"https:\/\/foodsciencesweden.se\/sv\/valkommen-till-food-science-sweden\/#breadcrumb","itemListElement":[{"@type":"ListItem","position":1,"name":"Home","item":"https:\/\/foodsciencesweden.se\/sv\/valkommen-till-food-science-sweden\/"},{"@type":"ListItem","position":2,"name":"Hem"}]},{"@type":"WebSite","@id":"https:\/\/foodsciencesweden.se\/#website","url":"https:\/\/foodsciencesweden.se\/","name":"Food Science Sweden","description":"Chalmers | LTH | RISE | SLU I KTH","publisher":{"@id":"https:\/\/foodsciencesweden.se\/#organization"},"potentialAction":[{"@type":"SearchAction","target":{"@type":"EntryPoint","urlTemplate":"https:\/\/foodsciencesweden.se\/?s={search_term_string}"},"query-input":{"@type":"PropertyValueSpecification","valueRequired":true,"valueName":"search_term_string"}}],"inLanguage":"sv-SE"},{"@type":"Organization","@id":"https:\/\/foodsciencesweden.se\/#organization","name":"Food Science Sweden","url":"https:\/\/foodsciencesweden.se\/","logo":{"@type":"ImageObject","inLanguage":"sv-SE","@id":"https:\/\/foodsciencesweden.se\/#\/schema\/logo\/image\/","url":"https:\/\/foodsciencesweden.se\/wp-content\/uploads\/2024\/08\/logo.png","contentUrl":"https:\/\/foodsciencesweden.se\/wp-content\/uploads\/2024\/08\/logo.png","width":1555,"height":338,"caption":"Food Science Sweden"},"image":{"@id":"https:\/\/foodsciencesweden.se\/#\/schema\/logo\/image\/"}}]}},"_links":{"self":[{"href":"https:\/\/foodsciencesweden.se\/sv\/wp-json\/wp\/v2\/pages\/300","targetHints":{"allow":["GET"]}}],"collection":[{"href":"https:\/\/foodsciencesweden.se\/sv\/wp-json\/wp\/v2\/pages"}],"about":[{"href":"https:\/\/foodsciencesweden.se\/sv\/wp-json\/wp\/v2\/types\/page"}],"author":[{"embeddable":true,"href":"https:\/\/foodsciencesweden.se\/sv\/wp-json\/wp\/v2\/users\/2"}],"replies":[{"embeddable":true,"href":"https:\/\/foodsciencesweden.se\/sv\/wp-json\/wp\/v2\/comments?post=300"}],"version-history":[{"count":67,"href":"https:\/\/foodsciencesweden.se\/sv\/wp-json\/wp\/v2\/pages\/300\/revisions"}],"predecessor-version":[{"id":2873,"href":"https:\/\/foodsciencesweden.se\/sv\/wp-json\/wp\/v2\/pages\/300\/revisions\/2873"}],"wp:attachment":[{"href":"https:\/\/foodsciencesweden.se\/sv\/wp-json\/wp\/v2\/media?parent=300"}],"curies":[{"name":"wp","href":"https:\/\/api.w.org\/{rel}","templated":true}]}}